{"id":5663,"date":"2025-10-14T14:10:16","date_gmt":"2025-10-14T18:10:16","guid":{"rendered":"https:\/\/www.tbmcommercial.ca\/locations\/"},"modified":"2025-11-28T15:16:49","modified_gmt":"2025-11-28T20:16:49","slug":"nos-magasins","status":"publish","type":"page","link":"https:\/\/tbmcommercial.ca\/fr\/nos-magasins\/","title":{"rendered":"Nos magasins"},"content":{"rendered":"\t\t<div data-elementor-type=\"wp-post\" data-elementor-id=\"5663\" class=\"elementor elementor-5663 elementor-4781\" data-elementor-post-type=\"page\">\n\t\t\t\t<div class=\"elementor-element elementor-element-cf772fb e-flex e-con-boxed e-con e-parent\" data-id=\"cf772fb\" data-element_type=\"container\" data-e-type=\"container\" data-settings=\"{&quot;background_background&quot;:&quot;classic&quot;}\">\n\t\t\t\t\t<div class=\"e-con-inner\">\n\t\t<div class=\"elementor-element elementor-element-9f376c5 e-con-full e-flex e-con e-child\" data-id=\"9f376c5\" data-element_type=\"container\" data-e-type=\"container\">\n\t\t<div class=\"elementor-element elementor-element-6cd2b07 e-flex e-con-boxed e-con e-child\" data-id=\"6cd2b07\" data-element_type=\"container\" data-e-type=\"container\">\n\t\t\t\t\t<div class=\"e-con-inner\">\n\t\t\t\t<div class=\"elementor-element elementor-element-acabcab elementor-invisible elementor-widget elementor-widget-heading\" data-id=\"acabcab\" data-element_type=\"widget\" data-e-type=\"widget\" data-settings=\"{&quot;_animation&quot;:&quot;slideInLeft&quot;}\" data-widget_type=\"heading.default\">\n\t\t\t\t<div class=\"elementor-widget-container\">\n\t\t\t\t\t<h1 class=\"elementor-heading-title elementor-size-default\">Nos magasins.<\/h1>\t\t\t\t<\/div>\n\t\t\t\t<\/div>\n\t\t\t\t<div class=\"elementor-element elementor-element-7483236 animated-fast elementor-widget__width-initial elementor-widget-divider--view-line elementor-invisible elementor-widget elementor-widget-divider\" data-id=\"7483236\" data-element_type=\"widget\" data-e-type=\"widget\" data-settings=\"{&quot;_animation&quot;:&quot;slideInUp&quot;,&quot;_animation_delay&quot;:300,&quot;motion_fx_motion_fx_scrolling&quot;:&quot;yes&quot;,&quot;motion_fx_scale_effect&quot;:&quot;yes&quot;,&quot;motion_fx_scale_speed&quot;:{&quot;unit&quot;:&quot;px&quot;,&quot;size&quot;:10,&quot;sizes&quot;:[]},&quot;motion_fx_scale_range&quot;:{&quot;unit&quot;:&quot;%&quot;,&quot;size&quot;:&quot;&quot;,&quot;sizes&quot;:{&quot;start&quot;:45,&quot;end&quot;:100}},&quot;motion_fx_scale_direction&quot;:&quot;out-in&quot;,&quot;motion_fx_devices&quot;:[&quot;widescreen&quot;,&quot;desktop&quot;,&quot;tablet&quot;,&quot;mobile&quot;]}\" data-widget_type=\"divider.default\">\n\t\t\t\t<div class=\"elementor-widget-container\">\n\t\t\t\t\t\t\t<div class=\"elementor-divider\">\n\t\t\t<span class=\"elementor-divider-separator\">\n\t\t\t\t\t\t<\/span>\n\t\t<\/div>\n\t\t\t\t\t\t<\/div>\n\t\t\t\t<\/div>\n\t\t\t\t<div class=\"elementor-element elementor-element-a218c0f elementor-widget__width-initial animated-slow elementor-invisible elementor-widget elementor-widget-text-editor\" data-id=\"a218c0f\" data-element_type=\"widget\" data-e-type=\"widget\" data-settings=\"{&quot;_animation&quot;:&quot;fadeIn&quot;,&quot;_animation_delay&quot;:1000}\" data-widget_type=\"text-editor.default\">\n\t\t\t\t<div class=\"elementor-widget-container\">\n\t\t\t\t\t\t\t\t\t<p>Recherchez ci-dessous le marchand ind\u00e9pendant TBM Commercial le plus proche.<\/p>\t\t\t\t\t\t\t\t<\/div>\n\t\t\t\t<\/div>\n\t\t\t\t\t<\/div>\n\t\t\t\t<\/div>\n\t\t\t\t<\/div>\n\t\t\t\t\t<\/div>\n\t\t\t\t<\/div>\n\t\t<div class=\"elementor-element elementor-element-b1b8e3a e-flex e-con-boxed e-con e-parent\" data-id=\"b1b8e3a\" data-element_type=\"container\" data-e-type=\"container\">\n\t\t\t\t\t<div class=\"e-con-inner\">\n\t\t\t\t<div class=\"elementor-element elementor-element-bfb2744 elementor-widget elementor-widget-html\" data-id=\"bfb2744\" data-element_type=\"widget\" data-e-type=\"widget\" data-widget_type=\"html.default\">\n\t\t\t\t<div class=\"elementor-widget-container\">\n\t\t\t\t\t<!-- Storepoint Widget Embed Start -->\n<div id=\"storepoint-widget\"><p style=\"color: inherit; font-size: 14px; text-align: center; padding: 10px 20px;\">Loading <a href=\"https:\/\/storepoint.co\" target=\"_blank\" style=\"color: inherit;\">Storepoint Store Locator Widget<\/a>...<\/p><\/div>\n<script>window.loadStorepoint=function(){\n\tvar storepoint=new StorepointWidget(\n\t\t'168efe83d4f0f7',\n\t\t'#storepoint-widget',\n\t\t{\"language\":\"fr\"}\n\t);\n\tstorepoint.load();\n};!function(){var t=document.createElement(\"script\");t.type=\"text\/javascript\";t.async=!0;t.src=\"https:\/\/widget.storepoint.co\/embed.js\";t.onload=function(){\"function\"==typeof window.loadStorepoint&&window.loadStorepoint()};document.head.appendChild(t);}();\n<\/script>\n<!-- Storepoint Widget Embed End -->\t\t\t\t<\/div>\n\t\t\t\t<\/div>\n\t\t\t\t\t<\/div>\n\t\t\t\t<\/div>\n\t\t<div class=\"elementor-element elementor-element-b749c0f e-flex e-con-boxed e-con e-parent\" data-id=\"b749c0f\" data-element_type=\"container\" data-e-type=\"container\" data-settings=\"{&quot;background_background&quot;:&quot;classic&quot;}\">\n\t\t\t\t\t<div class=\"e-con-inner\">\n\t\t<div class=\"elementor-element elementor-element-b8a541a e-con-full e-flex e-con e-child\" data-id=\"b8a541a\" data-element_type=\"container\" data-e-type=\"container\">\n\t\t\t\t<div class=\"elementor-element elementor-element-a7ce395 elementor-widget__width-initial elementor-widget-mobile__width-inherit elementor-widget elementor-widget-heading\" data-id=\"a7ce395\" data-element_type=\"widget\" data-e-type=\"widget\" data-widget_type=\"heading.default\">\n\t\t\t\t<div class=\"elementor-widget-container\">\n\t\t\t\t\t<h2 class=\"elementor-heading-title elementor-size-default\">Restez inform\u00e9\n<\/h2>\t\t\t\t<\/div>\n\t\t\t\t<\/div>\n\t\t\t\t<\/div>\n\t\t<div class=\"elementor-element elementor-element-3528cc5 e-con-full e-flex e-con e-child\" data-id=\"3528cc5\" data-element_type=\"container\" data-e-type=\"container\">\n\t\t\t\t<div class=\"elementor-element elementor-element-419e3fa elementor-align-right elementor-mobile-align-left elementor-widget elementor-widget-button\" data-id=\"419e3fa\" data-element_type=\"widget\" data-e-type=\"widget\" data-widget_type=\"button.default\">\n\t\t\t\t<div class=\"elementor-widget-container\">\n\t\t\t\t\t\t\t\t\t<div class=\"elementor-button-wrapper\">\n\t\t\t\t\t<a class=\"elementor-button elementor-button-link elementor-size-sm\" href=\"https:\/\/tbmcommercial.ca\/fr\/infolettre\/\">\n\t\t\t\t\t\t<span class=\"elementor-button-content-wrapper\">\n\t\t\t\t\t\t\t\t\t<span class=\"elementor-button-text\">INSCRIVEZ-VOUS \u00c0 NOTRE INFOLETTRE<\/span>\n\t\t\t\t\t<\/span>\n\t\t\t\t\t<\/a>\n\t\t\t\t<\/div>\n\t\t\t\t\t\t\t\t<\/div>\n\t\t\t\t<\/div>\n\t\t\t\t<\/div>\n\t\t\t\t\t<\/div>\n\t\t\t\t<\/div>\n\t\t\t\t<\/div>\n\t\t","protected":false},"excerpt":{"rendered":"<p>Nos magasins. Recherchez ci-dessous le marchand ind\u00e9pendant TBM Commercial le plus proche. Loading Storepoint Store Locator Widget&#8230; Restez inform\u00e9 INSCRIVEZ-VOUS \u00c0 NOTRE INFOLETTRE<\/p>\n","protected":false},"author":14,"featured_media":0,"parent":0,"menu_order":0,"comment_status":"closed","ping_status":"closed","template":"elementor_header_footer","meta":{"footnotes":""},"class_list":["post-5663","page","type-page","status-publish","hentry"],"yoast_head":"<!-- This site is optimized with the Yoast SEO plugin v27.3 - https:\/\/yoast.com\/product\/yoast-seo-wordpress\/ -->\n<title>Nos magasins | TBM Commercial<\/title>\n<meta name=\"robots\" content=\"index, follow, max-snippet:-1, max-image-preview:large, max-video-preview:-1\" \/>\n<link rel=\"canonical\" href=\"https:\/\/tbmcommercial.ca\/fr\/nos-magasins\/\" \/>\n<meta property=\"og:locale\" content=\"fr_FR\" \/>\n<meta property=\"og:type\" content=\"article\" \/>\n<meta property=\"og:title\" content=\"Nos magasins | TBM Commercial\" \/>\n<meta property=\"og:description\" content=\"Nos magasins. Recherchez ci-dessous le marchand ind\u00e9pendant TBM Commercial le plus proche. Loading Storepoint Store Locator Widget&#8230; Restez inform\u00e9 INSCRIVEZ-VOUS \u00c0 NOTRE INFOLETTRE\" \/>\n<meta property=\"og:url\" content=\"https:\/\/tbmcommercial.ca\/fr\/nos-magasins\/\" \/>\n<meta property=\"og:site_name\" content=\"TBM Commercial\" \/>\n<meta property=\"article:modified_time\" content=\"2025-11-28T20:16:49+00:00\" \/>\n<meta property=\"og:image\" content=\"https:\/\/tbmcommercial.ca\/wp-content\/uploads\/2025\/11\/TBM-Commercial-Logo_Colour.png\" \/>\n\t<meta property=\"og:image:width\" content=\"1200\" \/>\n\t<meta property=\"og:image:height\" content=\"534\" \/>\n\t<meta property=\"og:image:type\" content=\"image\/png\" \/>\n<meta name=\"twitter:card\" content=\"summary_large_image\" \/>\n<script type=\"application\/ld+json\" class=\"yoast-schema-graph\">{\"@context\":\"https:\\\/\\\/schema.org\",\"@graph\":[{\"@type\":\"WebPage\",\"@id\":\"https:\\\/\\\/tbmcommercial.ca\\\/fr\\\/nos-magasins\\\/\",\"url\":\"https:\\\/\\\/tbmcommercial.ca\\\/fr\\\/nos-magasins\\\/\",\"name\":\"Nos magasins | TBM Commercial\",\"isPartOf\":{\"@id\":\"https:\\\/\\\/tbmcommercial.ca\\\/fr\\\/#website\"},\"datePublished\":\"2025-10-14T18:10:16+00:00\",\"dateModified\":\"2025-11-28T20:16:49+00:00\",\"breadcrumb\":{\"@id\":\"https:\\\/\\\/tbmcommercial.ca\\\/fr\\\/nos-magasins\\\/#breadcrumb\"},\"inLanguage\":\"fr-FR\",\"potentialAction\":[{\"@type\":\"ReadAction\",\"target\":[\"https:\\\/\\\/tbmcommercial.ca\\\/fr\\\/nos-magasins\\\/\"]}]},{\"@type\":\"BreadcrumbList\",\"@id\":\"https:\\\/\\\/tbmcommercial.ca\\\/fr\\\/nos-magasins\\\/#breadcrumb\",\"itemListElement\":[{\"@type\":\"ListItem\",\"position\":1,\"name\":\"Home\",\"item\":\"https:\\\/\\\/tbmcommercial.ca\\\/fr\\\/\"},{\"@type\":\"ListItem\",\"position\":2,\"name\":\"Nos magasins\"}]},{\"@type\":\"WebSite\",\"@id\":\"https:\\\/\\\/tbmcommercial.ca\\\/fr\\\/#website\",\"url\":\"https:\\\/\\\/tbmcommercial.ca\\\/fr\\\/\",\"name\":\"TBM Commercial\",\"description\":\"Independently Powered. Collectively Strong. || Canadian Commercial Construction Supply\",\"publisher\":{\"@id\":\"https:\\\/\\\/tbmcommercial.ca\\\/fr\\\/#organization\"},\"potentialAction\":[{\"@type\":\"SearchAction\",\"target\":{\"@type\":\"EntryPoint\",\"urlTemplate\":\"https:\\\/\\\/tbmcommercial.ca\\\/fr\\\/?s={search_term_string}\"},\"query-input\":{\"@type\":\"PropertyValueSpecification\",\"valueRequired\":true,\"valueName\":\"search_term_string\"}}],\"inLanguage\":\"fr-FR\"},{\"@type\":\"Organization\",\"@id\":\"https:\\\/\\\/tbmcommercial.ca\\\/fr\\\/#organization\",\"name\":\"TBM Commercial\",\"url\":\"https:\\\/\\\/tbmcommercial.ca\\\/fr\\\/\",\"logo\":{\"@type\":\"ImageObject\",\"inLanguage\":\"fr-FR\",\"@id\":\"https:\\\/\\\/tbmcommercial.ca\\\/fr\\\/#\\\/schema\\\/logo\\\/image\\\/\",\"url\":\"https:\\\/\\\/tbmcommercial.ca\\\/wp-content\\\/uploads\\\/2024\\\/05\\\/TMB_Commercial_PrimaryColourLogo-1-e1753820760649.png\",\"contentUrl\":\"https:\\\/\\\/tbmcommercial.ca\\\/wp-content\\\/uploads\\\/2024\\\/05\\\/TMB_Commercial_PrimaryColourLogo-1-e1753820760649.png\",\"width\":376,\"height\":181,\"caption\":\"TBM Commercial\"},\"image\":{\"@id\":\"https:\\\/\\\/tbmcommercial.ca\\\/fr\\\/#\\\/schema\\\/logo\\\/image\\\/\"}}]}<\/script>\n<!-- \/ Yoast SEO plugin. -->","yoast_head_json":{"title":"Nos magasins | TBM Commercial","robots":{"index":"index","follow":"follow","max-snippet":"max-snippet:-1","max-image-preview":"max-image-preview:large","max-video-preview":"max-video-preview:-1"},"canonical":"https:\/\/tbmcommercial.ca\/fr\/nos-magasins\/","og_locale":"fr_FR","og_type":"article","og_title":"Nos magasins | TBM Commercial","og_description":"Nos magasins. Recherchez ci-dessous le marchand ind\u00e9pendant TBM Commercial le plus proche. Loading Storepoint Store Locator Widget&#8230; Restez inform\u00e9 INSCRIVEZ-VOUS \u00c0 NOTRE INFOLETTRE","og_url":"https:\/\/tbmcommercial.ca\/fr\/nos-magasins\/","og_site_name":"TBM Commercial","article_modified_time":"2025-11-28T20:16:49+00:00","og_image":[{"width":1200,"height":534,"url":"https:\/\/tbmcommercial.ca\/wp-content\/uploads\/2025\/11\/TBM-Commercial-Logo_Colour.png","type":"image\/png"}],"twitter_card":"summary_large_image","schema":{"@context":"https:\/\/schema.org","@graph":[{"@type":"WebPage","@id":"https:\/\/tbmcommercial.ca\/fr\/nos-magasins\/","url":"https:\/\/tbmcommercial.ca\/fr\/nos-magasins\/","name":"Nos magasins | TBM Commercial","isPartOf":{"@id":"https:\/\/tbmcommercial.ca\/fr\/#website"},"datePublished":"2025-10-14T18:10:16+00:00","dateModified":"2025-11-28T20:16:49+00:00","breadcrumb":{"@id":"https:\/\/tbmcommercial.ca\/fr\/nos-magasins\/#breadcrumb"},"inLanguage":"fr-FR","potentialAction":[{"@type":"ReadAction","target":["https:\/\/tbmcommercial.ca\/fr\/nos-magasins\/"]}]},{"@type":"BreadcrumbList","@id":"https:\/\/tbmcommercial.ca\/fr\/nos-magasins\/#breadcrumb","itemListElement":[{"@type":"ListItem","position":1,"name":"Home","item":"https:\/\/tbmcommercial.ca\/fr\/"},{"@type":"ListItem","position":2,"name":"Nos magasins"}]},{"@type":"WebSite","@id":"https:\/\/tbmcommercial.ca\/fr\/#website","url":"https:\/\/tbmcommercial.ca\/fr\/","name":"TBM Commercial","description":"Independently Powered. Collectively Strong. || Canadian Commercial Construction Supply","publisher":{"@id":"https:\/\/tbmcommercial.ca\/fr\/#organization"},"potentialAction":[{"@type":"SearchAction","target":{"@type":"EntryPoint","urlTemplate":"https:\/\/tbmcommercial.ca\/fr\/?s={search_term_string}"},"query-input":{"@type":"PropertyValueSpecification","valueRequired":true,"valueName":"search_term_string"}}],"inLanguage":"fr-FR"},{"@type":"Organization","@id":"https:\/\/tbmcommercial.ca\/fr\/#organization","name":"TBM Commercial","url":"https:\/\/tbmcommercial.ca\/fr\/","logo":{"@type":"ImageObject","inLanguage":"fr-FR","@id":"https:\/\/tbmcommercial.ca\/fr\/#\/schema\/logo\/image\/","url":"https:\/\/tbmcommercial.ca\/wp-content\/uploads\/2024\/05\/TMB_Commercial_PrimaryColourLogo-1-e1753820760649.png","contentUrl":"https:\/\/tbmcommercial.ca\/wp-content\/uploads\/2024\/05\/TMB_Commercial_PrimaryColourLogo-1-e1753820760649.png","width":376,"height":181,"caption":"TBM Commercial"},"image":{"@id":"https:\/\/tbmcommercial.ca\/fr\/#\/schema\/logo\/image\/"}}]}},"_links":{"self":[{"href":"https:\/\/tbmcommercial.ca\/fr\/wp-json\/wp\/v2\/pages\/5663","targetHints":{"allow":["GET"]}}],"collection":[{"href":"https:\/\/tbmcommercial.ca\/fr\/wp-json\/wp\/v2\/pages"}],"about":[{"href":"https:\/\/tbmcommercial.ca\/fr\/wp-json\/wp\/v2\/types\/page"}],"author":[{"embeddable":true,"href":"https:\/\/tbmcommercial.ca\/fr\/wp-json\/wp\/v2\/users\/14"}],"replies":[{"embeddable":true,"href":"https:\/\/tbmcommercial.ca\/fr\/wp-json\/wp\/v2\/comments?post=5663"}],"version-history":[{"count":0,"href":"https:\/\/tbmcommercial.ca\/fr\/wp-json\/wp\/v2\/pages\/5663\/revisions"}],"wp:attachment":[{"href":"https:\/\/tbmcommercial.ca\/fr\/wp-json\/wp\/v2\/media?parent=5663"}],"curies":[{"name":"wp","href":"https:\/\/api.w.org\/{rel}","templated":true}]}}