{"id":5669,"date":"2025-04-11T18:52:40","date_gmt":"2025-04-11T22:52:40","guid":{"rendered":"https:\/\/www.tbmcommercial.ca\/contact-us\/"},"modified":"2025-11-28T15:17:07","modified_gmt":"2025-11-28T20:17:07","slug":"nous-joindre","status":"publish","type":"page","link":"https:\/\/tbmcommercial.ca\/fr\/nous-joindre\/","title":{"rendered":"Nous joindre"},"content":{"rendered":"\t\t<div data-elementor-type=\"wp-post\" data-elementor-id=\"5669\" class=\"elementor elementor-5669\" data-elementor-post-type=\"page\">\n\t\t\t\t<div class=\"elementor-element elementor-element-8884a5e e-flex e-con-boxed e-con e-parent\" data-id=\"8884a5e\" data-element_type=\"container\" data-e-type=\"container\" data-settings=\"{&quot;background_background&quot;:&quot;classic&quot;}\">\n\t\t\t\t\t<div class=\"e-con-inner\">\n\t\t<div class=\"elementor-element elementor-element-b96f34f e-con-full e-flex e-con e-child\" data-id=\"b96f34f\" data-element_type=\"container\" data-e-type=\"container\">\n\t\t<div class=\"elementor-element elementor-element-f7ae098 e-flex e-con-boxed e-con e-child\" data-id=\"f7ae098\" data-element_type=\"container\" data-e-type=\"container\">\n\t\t\t\t\t<div class=\"e-con-inner\">\n\t\t\t\t<div class=\"elementor-element elementor-element-ea36df4 elementor-invisible elementor-widget elementor-widget-heading\" data-id=\"ea36df4\" data-element_type=\"widget\" data-e-type=\"widget\" data-settings=\"{&quot;_animation&quot;:&quot;slideInLeft&quot;}\" data-widget_type=\"heading.default\">\n\t\t\t\t<div class=\"elementor-widget-container\">\n\t\t\t\t\t<h1 class=\"elementor-heading-title elementor-size-default\">Nous joindre.<\/h1>\t\t\t\t<\/div>\n\t\t\t\t<\/div>\n\t\t\t\t<div class=\"elementor-element elementor-element-1719ca1 animated-fast elementor-widget__width-initial elementor-widget-divider--view-line elementor-invisible elementor-widget elementor-widget-divider\" data-id=\"1719ca1\" data-element_type=\"widget\" data-e-type=\"widget\" data-settings=\"{&quot;_animation&quot;:&quot;slideInUp&quot;,&quot;_animation_delay&quot;:300,&quot;motion_fx_motion_fx_scrolling&quot;:&quot;yes&quot;,&quot;motion_fx_scale_effect&quot;:&quot;yes&quot;,&quot;motion_fx_scale_speed&quot;:{&quot;unit&quot;:&quot;px&quot;,&quot;size&quot;:10,&quot;sizes&quot;:[]},&quot;motion_fx_scale_range&quot;:{&quot;unit&quot;:&quot;%&quot;,&quot;size&quot;:&quot;&quot;,&quot;sizes&quot;:{&quot;start&quot;:45,&quot;end&quot;:100}},&quot;motion_fx_scale_direction&quot;:&quot;out-in&quot;,&quot;motion_fx_devices&quot;:[&quot;widescreen&quot;,&quot;desktop&quot;,&quot;tablet&quot;,&quot;mobile&quot;]}\" data-widget_type=\"divider.default\">\n\t\t\t\t<div class=\"elementor-widget-container\">\n\t\t\t\t\t\t\t<div class=\"elementor-divider\">\n\t\t\t<span class=\"elementor-divider-separator\">\n\t\t\t\t\t\t<\/span>\n\t\t<\/div>\n\t\t\t\t\t\t<\/div>\n\t\t\t\t<\/div>\n\t\t\t\t\t<\/div>\n\t\t\t\t<\/div>\n\t\t\t\t<\/div>\n\t\t\t\t\t<\/div>\n\t\t\t\t<\/div>\n\t\t<div class=\"elementor-element elementor-element-35dedfe my-caledonia e-grid e-con-boxed e-con e-parent\" data-id=\"35dedfe\" data-element_type=\"container\" data-e-type=\"container\">\n\t\t\t\t\t<div class=\"e-con-inner\">\n\t\t<div class=\"elementor-element elementor-element-019c1c2 e-con-full e-flex e-con e-child\" data-id=\"019c1c2\" data-element_type=\"container\" data-e-type=\"container\">\n\t\t\t\t<div class=\"elementor-element elementor-element-192da05 elementor-widget elementor-widget-heading\" data-id=\"192da05\" data-element_type=\"widget\" data-e-type=\"widget\" data-widget_type=\"heading.default\">\n\t\t\t\t<div class=\"elementor-widget-container\">\n\t\t\t\t\t<h2 class=\"elementor-heading-title elementor-size-default\">Nous joindre:<\/h2>\t\t\t\t<\/div>\n\t\t\t\t<\/div>\n\t\t\t\t<div class=\"elementor-element elementor-element-7d7560c elementor-icon-list--layout-traditional elementor-list-item-link-full_width elementor-widget elementor-widget-icon-list\" data-id=\"7d7560c\" data-element_type=\"widget\" data-e-type=\"widget\" data-widget_type=\"icon-list.default\">\n\t\t\t\t<div class=\"elementor-widget-container\">\n\t\t\t\t\t\t\t<ul class=\"elementor-icon-list-items\">\n\t\t\t\t\t\t\t<li class=\"elementor-icon-list-item\">\n\t\t\t\t\t\t\t\t\t\t\t<a href=\"tel:1-800-563-1807\" target=\"_blank\">\n\n\t\t\t\t\t\t\t\t\t\t\t\t<span class=\"elementor-icon-list-icon\">\n\t\t\t\t\t\t\t<svg aria-hidden=\"true\" class=\"e-font-icon-svg e-fas-phone-square-alt\" viewBox=\"0 0 448 512\" xmlns=\"http:\/\/www.w3.org\/2000\/svg\"><path d=\"M400 32H48A48 48 0 0 0 0 80v352a48 48 0 0 0 48 48h352a48 48 0 0 0 48-48V80a48 48 0 0 0-48-48zm-16.39 307.37l-15 65A15 15 0 0 1 354 416C194 416 64 286.29 64 126a15.7 15.7 0 0 1 11.63-14.61l65-15A18.23 18.23 0 0 1 144 96a16.27 16.27 0 0 1 13.79 9.09l30 70A17.9 17.9 0 0 1 189 181a17 17 0 0 1-5.5 11.61l-37.89 31a231.91 231.91 0 0 0 110.78 110.78l31-37.89A17 17 0 0 1 299 291a17.85 17.85 0 0 1 5.91 1.21l70 30A16.25 16.25 0 0 1 384 336a17.41 17.41 0 0 1-.39 3.37z\"><\/path><\/svg>\t\t\t\t\t\t<\/span>\n\t\t\t\t\t\t\t\t\t\t<span class=\"elementor-icon-list-text\">1-800-563-1807<\/span>\n\t\t\t\t\t\t\t\t\t\t\t<\/a>\n\t\t\t\t\t\t\t\t\t<\/li>\n\t\t\t\t\t\t\t\t<li class=\"elementor-icon-list-item\">\n\t\t\t\t\t\t\t\t\t\t\t<a href=\"mailto:tbmcommercial@timbrmart.com\" target=\"_blank\">\n\n\t\t\t\t\t\t\t\t\t\t\t\t<span class=\"elementor-icon-list-icon\">\n\t\t\t\t\t\t\t<svg aria-hidden=\"true\" class=\"e-font-icon-svg e-far-envelope\" viewBox=\"0 0 512 512\" xmlns=\"http:\/\/www.w3.org\/2000\/svg\"><path d=\"M464 64H48C21.49 64 0 85.49 0 112v288c0 26.51 21.49 48 48 48h416c26.51 0 48-21.49 48-48V112c0-26.51-21.49-48-48-48zm0 48v40.805c-22.422 18.259-58.168 46.651-134.587 106.49-16.841 13.247-50.201 45.072-73.413 44.701-23.208.375-56.579-31.459-73.413-44.701C106.18 199.465 70.425 171.067 48 152.805V112h416zM48 400V214.398c22.914 18.251 55.409 43.862 104.938 82.646 21.857 17.205 60.134 55.186 103.062 54.955 42.717.231 80.509-37.199 103.053-54.947 49.528-38.783 82.032-64.401 104.947-82.653V400H48z\"><\/path><\/svg>\t\t\t\t\t\t<\/span>\n\t\t\t\t\t\t\t\t\t\t<span class=\"elementor-icon-list-text\">tbmcommercial@timbrmart.com<\/span>\n\t\t\t\t\t\t\t\t\t\t\t<\/a>\n\t\t\t\t\t\t\t\t\t<\/li>\n\t\t\t\t\t\t\t\t<li class=\"elementor-icon-list-item\">\n\t\t\t\t\t\t\t\t\t\t\t<a href=\"https:\/\/g.co\/kgs\/47yd5sN\">\n\n\t\t\t\t\t\t\t\t\t\t\t\t<span class=\"elementor-icon-list-icon\">\n\t\t\t\t\t\t\t<svg aria-hidden=\"true\" class=\"e-font-icon-svg e-fas-map-marker-alt\" viewBox=\"0 0 384 512\" xmlns=\"http:\/\/www.w3.org\/2000\/svg\"><path d=\"M172.268 501.67C26.97 291.031 0 269.413 0 192 0 85.961 85.961 0 192 0s192 85.961 192 192c0 77.413-26.97 99.031-172.268 309.67-9.535 13.774-29.93 13.773-39.464 0zM192 272c44.183 0 80-35.817 80-80s-35.817-80-80-80-80 35.817-80 80 35.817 80 80 80z\"><\/path><\/svg>\t\t\t\t\t\t<\/span>\n\t\t\t\t\t\t\t\t\t\t<span class=\"elementor-icon-list-text\">361 Connie Crescent, Vaughan, ON L4K 5R2<\/span>\n\t\t\t\t\t\t\t\t\t\t\t<\/a>\n\t\t\t\t\t\t\t\t\t<\/li>\n\t\t\t\t\t\t<\/ul>\n\t\t\t\t\t\t<\/div>\n\t\t\t\t<\/div>\n\t\t<div class=\"elementor-element elementor-element-b0d4fcc e-con-full e-flex e-con e-child\" data-id=\"b0d4fcc\" data-element_type=\"container\" data-e-type=\"container\">\n\t\t\t\t<div class=\"elementor-element elementor-element-e944132 elementor-widget elementor-widget-text-editor\" data-id=\"e944132\" data-element_type=\"widget\" data-e-type=\"widget\" data-widget_type=\"text-editor.default\">\n\t\t\t\t<div class=\"elementor-widget-container\">\n\t\t\t\t\t\t\t\t\t<table style=\"border-collapse: collapse; width: 98.7409%; height: 168px;\"><tbody><tr style=\"height: 24px;\"><td style=\"width: 50%; height: 24px;\">Lundi<\/td><td style=\"width: 71.7617%; height: 24px;\">\u00a09 h 00 &#8211; 17 h 00<\/td><\/tr><tr style=\"height: 24px;\"><td style=\"width: 50%; height: 24px;\">Mardi<\/td><td style=\"width: 71.7617%; height: 24px;\">9 h 00 &#8211; 17 h 00<\/td><\/tr><tr style=\"height: 24px;\"><td style=\"width: 50%; height: 24px;\">Mercredi<\/td><td style=\"width: 71.7617%; height: 24px;\">9 h 00 &#8211; 17 h 00<\/td><\/tr><tr style=\"height: 24px;\"><td style=\"width: 50%; height: 24px;\">Jeudi<\/td><td style=\"width: 71.7617%; height: 24px;\">9 h 00 &#8211; 17 h 00<\/td><\/tr><tr style=\"height: 24px;\"><td style=\"width: 50%; height: 24px;\">Vendredi<\/td><td style=\"width: 71.7617%; height: 24px;\">9 h 00 &#8211; 17 h 00<\/td><\/tr><tr style=\"height: 24px;\"><td style=\"width: 50%; height: 24px;\">Samedi<\/td><td style=\"width: 71.7617%; height: 24px;\">Ferm\u00e9<\/td><\/tr><tr style=\"height: 24px;\"><td style=\"width: 50%; height: 24px;\">Dimanche<\/td><td style=\"width: 71.7617%; height: 24px;\">Ferm\u00e9<\/td><\/tr><\/tbody><\/table>\t\t\t\t\t\t\t\t<\/div>\n\t\t\t\t<\/div>\n\t\t\t\t<\/div>\n\t\t\t\t<\/div>\n\t\t<div class=\"elementor-element elementor-element-883e19a e-con-full e-flex e-con e-child\" data-id=\"883e19a\" data-element_type=\"container\" data-e-type=\"container\">\n\t\t\t\t<div class=\"elementor-element elementor-element-51a1dc6 elementor-widget elementor-widget-html\" data-id=\"51a1dc6\" data-element_type=\"widget\" data-e-type=\"widget\" data-widget_type=\"html.default\">\n\t\t\t\t<div class=\"elementor-widget-container\">\n\t\t\t\t\t<iframe src=\"https:\/\/www.google.com\/maps\/embed?pb=!1m18!1m12!1m3!1d2878.6678345738446!2d-79.4796729!3d43.8212489!2m3!1f0!2f0!3f0!3m2!1i1024!2i768!4f13.1!3m3!1m2!1s0x882b2eb03a29527d%3A0x6b54f952186b0638!2sTIMBER%20MART!5e0!3m2!1sen!2sca!4v1763578539226!5m2!1sen!2sca\" width=\"600\" height=\"450\" style=\"border:0;\" allowfullscreen=\"\" loading=\"lazy\" referrerpolicy=\"no-referrer-when-downgrade\"><\/iframe>\t\t\t\t<\/div>\n\t\t\t\t<\/div>\n\t\t\t\t<\/div>\n\t\t\t\t\t<\/div>\n\t\t\t\t<\/div>\n\t\t<div class=\"elementor-element elementor-element-da9a470 e-flex e-con-boxed e-con e-parent\" data-id=\"da9a470\" data-element_type=\"container\" data-e-type=\"container\" data-settings=\"{&quot;background_background&quot;:&quot;classic&quot;}\">\n\t\t\t\t\t<div class=\"e-con-inner\">\n\t\t<div class=\"elementor-element elementor-element-92ca36a e-con-full e-flex e-con e-child\" data-id=\"92ca36a\" data-element_type=\"container\" data-e-type=\"container\">\n\t\t\t\t<div class=\"elementor-element elementor-element-d09eb73 elementor-widget elementor-widget-heading\" data-id=\"d09eb73\" data-element_type=\"widget\" data-e-type=\"widget\" data-widget_type=\"heading.default\">\n\t\t\t\t<div class=\"elementor-widget-container\">\n\t\t\t\t\t<h2 class=\"elementor-heading-title elementor-size-default\">Port\u00e9e nationale. <BR>\nFi\u00e8rement ind\u00e9pendants. <\/h2>\t\t\t\t<\/div>\n\t\t\t\t<\/div>\n\t\t\t\t<div class=\"elementor-element elementor-element-3cae58f elementor-widget elementor-widget-text-editor\" data-id=\"3cae58f\" data-element_type=\"widget\" data-e-type=\"widget\" data-widget_type=\"text-editor.default\">\n\t\t\t\t<div class=\"elementor-widget-container\">\n\t\t\t\t\t\t\t\t\t<p><span data-sheets-root=\"1\">Approuv\u00e9 par les entrepreneurs \u00e0 travers le Canada pour la qualit\u00e9 de ses mat\u00e9riaux, ses prix comp\u00e9titifs et son service exceptionnel. Votre prochain projet commence ici. <\/span><\/p>\t\t\t\t\t\t\t\t<\/div>\n\t\t\t\t<\/div>\n\t\t\t\t<\/div>\n\t\t<div class=\"elementor-element elementor-element-9c22bee e-con-full e-flex e-con e-child\" data-id=\"9c22bee\" data-element_type=\"container\" data-e-type=\"container\">\n\t\t\t\t<div class=\"elementor-element elementor-element-420d61c elementor-align-right elementor-mobile-align-left elementor-widget elementor-widget-button\" data-id=\"420d61c\" data-element_type=\"widget\" data-e-type=\"widget\" data-widget_type=\"button.default\">\n\t\t\t\t<div class=\"elementor-widget-container\">\n\t\t\t\t\t\t\t\t\t<div class=\"elementor-button-wrapper\">\n\t\t\t\t\t<a class=\"elementor-button elementor-button-link elementor-size-sm\" href=\"https:\/\/tbmcommercial.ca\/fr\/nos-magasins\/\">\n\t\t\t\t\t\t<span class=\"elementor-button-content-wrapper\">\n\t\t\t\t\t\t\t\t\t<span class=\"elementor-button-text\">VOIR NOS MAGASINS<\/span>\n\t\t\t\t\t<\/span>\n\t\t\t\t\t<\/a>\n\t\t\t\t<\/div>\n\t\t\t\t\t\t\t\t<\/div>\n\t\t\t\t<\/div>\n\t\t\t\t<\/div>\n\t\t\t\t\t<\/div>\n\t\t\t\t<\/div>\n\t\t\t\t<\/div>\n\t\t","protected":false},"excerpt":{"rendered":"<p>Nous joindre. Nous joindre: 1-800-563-1807 tbmcommercial@timbrmart.com 361 Connie Crescent, Vaughan, ON L4K 5R2 Lundi \u00a09 h 00 &#8211; 17 h 00 Mardi 9 h 00 &#8211; 17 h 00 Mercredi 9 h 00 &#8211; 17 h 00 Jeudi 9 h 00 &#8211; 17 h 00 Vendredi 9 h 00 &#8211; 17 h 00 Samedi Ferm\u00e9 [&hellip;]<\/p>\n","protected":false},"author":3,"featured_media":0,"parent":0,"menu_order":0,"comment_status":"closed","ping_status":"closed","template":"elementor_header_footer","meta":{"footnotes":""},"class_list":["post-5669","page","type-page","status-publish","hentry"],"yoast_head":"<!-- This site is optimized with the Yoast SEO plugin v27.3 - https:\/\/yoast.com\/product\/yoast-seo-wordpress\/ -->\n<title>Nous joindre | TBM Commercial<\/title>\n<meta name=\"robots\" content=\"index, follow, max-snippet:-1, max-image-preview:large, max-video-preview:-1\" \/>\n<link rel=\"canonical\" href=\"https:\/\/tbmcommercial.ca\/fr\/nous-joindre\/\" \/>\n<meta property=\"og:locale\" content=\"fr_FR\" \/>\n<meta property=\"og:type\" content=\"article\" \/>\n<meta property=\"og:title\" content=\"Nous joindre | TBM Commercial\" \/>\n<meta property=\"og:description\" content=\"Nous joindre. Nous joindre: 1-800-563-1807 tbmcommercial@timbrmart.com 361 Connie Crescent, Vaughan, ON L4K 5R2 Lundi \u00a09 h 00 &#8211; 17 h 00 Mardi 9 h 00 &#8211; 17 h 00 Mercredi 9 h 00 &#8211; 17 h 00 Jeudi 9 h 00 &#8211; 17 h 00 Vendredi 9 h 00 &#8211; 17 h 00 Samedi Ferm\u00e9 [&hellip;]\" \/>\n<meta property=\"og:url\" content=\"https:\/\/tbmcommercial.ca\/fr\/nous-joindre\/\" \/>\n<meta property=\"og:site_name\" content=\"TBM Commercial\" \/>\n<meta property=\"article:modified_time\" content=\"2025-11-28T20:17:07+00:00\" \/>\n<meta property=\"og:image\" content=\"https:\/\/tbmcommercial.ca\/wp-content\/uploads\/2025\/11\/TBM-Commercial-Logo_Colour.png\" \/>\n\t<meta property=\"og:image:width\" content=\"1200\" \/>\n\t<meta property=\"og:image:height\" content=\"534\" \/>\n\t<meta property=\"og:image:type\" content=\"image\/png\" \/>\n<meta name=\"twitter:card\" content=\"summary_large_image\" \/>\n<script type=\"application\/ld+json\" class=\"yoast-schema-graph\">{\"@context\":\"https:\\\/\\\/schema.org\",\"@graph\":[{\"@type\":\"WebPage\",\"@id\":\"https:\\\/\\\/tbmcommercial.ca\\\/fr\\\/nous-joindre\\\/\",\"url\":\"https:\\\/\\\/tbmcommercial.ca\\\/fr\\\/nous-joindre\\\/\",\"name\":\"Nous joindre | TBM Commercial\",\"isPartOf\":{\"@id\":\"https:\\\/\\\/tbmcommercial.ca\\\/fr\\\/#website\"},\"datePublished\":\"2025-04-11T22:52:40+00:00\",\"dateModified\":\"2025-11-28T20:17:07+00:00\",\"breadcrumb\":{\"@id\":\"https:\\\/\\\/tbmcommercial.ca\\\/fr\\\/nous-joindre\\\/#breadcrumb\"},\"inLanguage\":\"fr-FR\",\"potentialAction\":[{\"@type\":\"ReadAction\",\"target\":[\"https:\\\/\\\/tbmcommercial.ca\\\/fr\\\/nous-joindre\\\/\"]}]},{\"@type\":\"BreadcrumbList\",\"@id\":\"https:\\\/\\\/tbmcommercial.ca\\\/fr\\\/nous-joindre\\\/#breadcrumb\",\"itemListElement\":[{\"@type\":\"ListItem\",\"position\":1,\"name\":\"Home\",\"item\":\"https:\\\/\\\/tbmcommercial.ca\\\/fr\\\/\"},{\"@type\":\"ListItem\",\"position\":2,\"name\":\"Nous joindre\"}]},{\"@type\":\"WebSite\",\"@id\":\"https:\\\/\\\/tbmcommercial.ca\\\/fr\\\/#website\",\"url\":\"https:\\\/\\\/tbmcommercial.ca\\\/fr\\\/\",\"name\":\"TBM Commercial\",\"description\":\"Independently Powered. Collectively Strong. || Canadian Commercial Construction Supply\",\"publisher\":{\"@id\":\"https:\\\/\\\/tbmcommercial.ca\\\/fr\\\/#organization\"},\"potentialAction\":[{\"@type\":\"SearchAction\",\"target\":{\"@type\":\"EntryPoint\",\"urlTemplate\":\"https:\\\/\\\/tbmcommercial.ca\\\/fr\\\/?s={search_term_string}\"},\"query-input\":{\"@type\":\"PropertyValueSpecification\",\"valueRequired\":true,\"valueName\":\"search_term_string\"}}],\"inLanguage\":\"fr-FR\"},{\"@type\":\"Organization\",\"@id\":\"https:\\\/\\\/tbmcommercial.ca\\\/fr\\\/#organization\",\"name\":\"TBM Commercial\",\"url\":\"https:\\\/\\\/tbmcommercial.ca\\\/fr\\\/\",\"logo\":{\"@type\":\"ImageObject\",\"inLanguage\":\"fr-FR\",\"@id\":\"https:\\\/\\\/tbmcommercial.ca\\\/fr\\\/#\\\/schema\\\/logo\\\/image\\\/\",\"url\":\"https:\\\/\\\/tbmcommercial.ca\\\/wp-content\\\/uploads\\\/2024\\\/05\\\/TMB_Commercial_PrimaryColourLogo-1-e1753820760649.png\",\"contentUrl\":\"https:\\\/\\\/tbmcommercial.ca\\\/wp-content\\\/uploads\\\/2024\\\/05\\\/TMB_Commercial_PrimaryColourLogo-1-e1753820760649.png\",\"width\":376,\"height\":181,\"caption\":\"TBM Commercial\"},\"image\":{\"@id\":\"https:\\\/\\\/tbmcommercial.ca\\\/fr\\\/#\\\/schema\\\/logo\\\/image\\\/\"}}]}<\/script>\n<!-- \/ Yoast SEO plugin. -->","yoast_head_json":{"title":"Nous joindre | TBM Commercial","robots":{"index":"index","follow":"follow","max-snippet":"max-snippet:-1","max-image-preview":"max-image-preview:large","max-video-preview":"max-video-preview:-1"},"canonical":"https:\/\/tbmcommercial.ca\/fr\/nous-joindre\/","og_locale":"fr_FR","og_type":"article","og_title":"Nous joindre | TBM Commercial","og_description":"Nous joindre. Nous joindre: 1-800-563-1807 tbmcommercial@timbrmart.com 361 Connie Crescent, Vaughan, ON L4K 5R2 Lundi \u00a09 h 00 &#8211; 17 h 00 Mardi 9 h 00 &#8211; 17 h 00 Mercredi 9 h 00 &#8211; 17 h 00 Jeudi 9 h 00 &#8211; 17 h 00 Vendredi 9 h 00 &#8211; 17 h 00 Samedi Ferm\u00e9 [&hellip;]","og_url":"https:\/\/tbmcommercial.ca\/fr\/nous-joindre\/","og_site_name":"TBM Commercial","article_modified_time":"2025-11-28T20:17:07+00:00","og_image":[{"width":1200,"height":534,"url":"https:\/\/tbmcommercial.ca\/wp-content\/uploads\/2025\/11\/TBM-Commercial-Logo_Colour.png","type":"image\/png"}],"twitter_card":"summary_large_image","schema":{"@context":"https:\/\/schema.org","@graph":[{"@type":"WebPage","@id":"https:\/\/tbmcommercial.ca\/fr\/nous-joindre\/","url":"https:\/\/tbmcommercial.ca\/fr\/nous-joindre\/","name":"Nous joindre | TBM Commercial","isPartOf":{"@id":"https:\/\/tbmcommercial.ca\/fr\/#website"},"datePublished":"2025-04-11T22:52:40+00:00","dateModified":"2025-11-28T20:17:07+00:00","breadcrumb":{"@id":"https:\/\/tbmcommercial.ca\/fr\/nous-joindre\/#breadcrumb"},"inLanguage":"fr-FR","potentialAction":[{"@type":"ReadAction","target":["https:\/\/tbmcommercial.ca\/fr\/nous-joindre\/"]}]},{"@type":"BreadcrumbList","@id":"https:\/\/tbmcommercial.ca\/fr\/nous-joindre\/#breadcrumb","itemListElement":[{"@type":"ListItem","position":1,"name":"Home","item":"https:\/\/tbmcommercial.ca\/fr\/"},{"@type":"ListItem","position":2,"name":"Nous joindre"}]},{"@type":"WebSite","@id":"https:\/\/tbmcommercial.ca\/fr\/#website","url":"https:\/\/tbmcommercial.ca\/fr\/","name":"TBM Commercial","description":"Independently Powered. Collectively Strong. || Canadian Commercial Construction Supply","publisher":{"@id":"https:\/\/tbmcommercial.ca\/fr\/#organization"},"potentialAction":[{"@type":"SearchAction","target":{"@type":"EntryPoint","urlTemplate":"https:\/\/tbmcommercial.ca\/fr\/?s={search_term_string}"},"query-input":{"@type":"PropertyValueSpecification","valueRequired":true,"valueName":"search_term_string"}}],"inLanguage":"fr-FR"},{"@type":"Organization","@id":"https:\/\/tbmcommercial.ca\/fr\/#organization","name":"TBM Commercial","url":"https:\/\/tbmcommercial.ca\/fr\/","logo":{"@type":"ImageObject","inLanguage":"fr-FR","@id":"https:\/\/tbmcommercial.ca\/fr\/#\/schema\/logo\/image\/","url":"https:\/\/tbmcommercial.ca\/wp-content\/uploads\/2024\/05\/TMB_Commercial_PrimaryColourLogo-1-e1753820760649.png","contentUrl":"https:\/\/tbmcommercial.ca\/wp-content\/uploads\/2024\/05\/TMB_Commercial_PrimaryColourLogo-1-e1753820760649.png","width":376,"height":181,"caption":"TBM Commercial"},"image":{"@id":"https:\/\/tbmcommercial.ca\/fr\/#\/schema\/logo\/image\/"}}]}},"_links":{"self":[{"href":"https:\/\/tbmcommercial.ca\/fr\/wp-json\/wp\/v2\/pages\/5669","targetHints":{"allow":["GET"]}}],"collection":[{"href":"https:\/\/tbmcommercial.ca\/fr\/wp-json\/wp\/v2\/pages"}],"about":[{"href":"https:\/\/tbmcommercial.ca\/fr\/wp-json\/wp\/v2\/types\/page"}],"author":[{"embeddable":true,"href":"https:\/\/tbmcommercial.ca\/fr\/wp-json\/wp\/v2\/users\/3"}],"replies":[{"embeddable":true,"href":"https:\/\/tbmcommercial.ca\/fr\/wp-json\/wp\/v2\/comments?post=5669"}],"version-history":[{"count":0,"href":"https:\/\/tbmcommercial.ca\/fr\/wp-json\/wp\/v2\/pages\/5669\/revisions"}],"wp:attachment":[{"href":"https:\/\/tbmcommercial.ca\/fr\/wp-json\/wp\/v2\/media?parent=5669"}],"curies":[{"name":"wp","href":"https:\/\/api.w.org\/{rel}","templated":true}]}}