{"id":7681,"date":"2025-11-10T09:53:09","date_gmt":"2025-11-10T14:53:09","guid":{"rendered":"https:\/\/tbmcommercial.ca\/bienvenue-membre\/"},"modified":"2025-12-08T13:58:39","modified_gmt":"2025-12-08T18:58:39","slug":"bienvenue-membre","status":"publish","type":"page","link":"https:\/\/tbmcommercial.ca\/fr\/bienvenue-membre\/","title":{"rendered":"Bienvenue membre"},"content":{"rendered":"\t\t<div data-elementor-type=\"wp-post\" data-elementor-id=\"7681\" class=\"elementor elementor-7681\" data-elementor-post-type=\"page\">\n\t\t\t\t<div class=\"elementor-element elementor-element-d8b7f1d e-flex e-con-boxed e-con e-parent\" data-id=\"d8b7f1d\" data-element_type=\"container\" data-e-type=\"container\">\n\t\t\t\t\t<div class=\"e-con-inner\">\n\t\t<div class=\"elementor-element elementor-element-ac44293 e-con-full e-flex e-con e-child\" data-id=\"ac44293\" data-element_type=\"container\" data-e-type=\"container\">\n\t\t\t\t<div class=\"elementor-element elementor-element-60dbeeb elementor-widget elementor-widget-heading\" data-id=\"60dbeeb\" data-element_type=\"widget\" data-e-type=\"widget\" data-widget_type=\"heading.default\">\n\t\t\t\t<div class=\"elementor-widget-container\">\n\t\t\t\t\t<h2 class=\"elementor-heading-title elementor-size-default\"><b>Votre centre de ressources marketing<\/b><\/h2>\t\t\t\t<\/div>\n\t\t\t\t<\/div>\n\t\t\t\t<div class=\"elementor-element elementor-element-9850101 elementor-widget__width-initial elementor-widget-divider--view-line elementor-widget elementor-widget-divider\" data-id=\"9850101\" data-element_type=\"widget\" data-e-type=\"widget\" data-settings=\"{&quot;motion_fx_motion_fx_scrolling&quot;:&quot;yes&quot;,&quot;motion_fx_scale_effect&quot;:&quot;yes&quot;,&quot;motion_fx_scale_speed&quot;:{&quot;unit&quot;:&quot;px&quot;,&quot;size&quot;:10,&quot;sizes&quot;:[]},&quot;motion_fx_scale_range&quot;:{&quot;unit&quot;:&quot;%&quot;,&quot;size&quot;:&quot;&quot;,&quot;sizes&quot;:{&quot;start&quot;:0,&quot;end&quot;:100}},&quot;motion_fx_scale_direction&quot;:&quot;out-in&quot;,&quot;motion_fx_devices&quot;:[&quot;widescreen&quot;,&quot;desktop&quot;,&quot;tablet&quot;,&quot;mobile&quot;]}\" data-widget_type=\"divider.default\">\n\t\t\t\t<div class=\"elementor-widget-container\">\n\t\t\t\t\t\t\t<div class=\"elementor-divider\">\n\t\t\t<span class=\"elementor-divider-separator\">\n\t\t\t\t\t\t<\/span>\n\t\t<\/div>\n\t\t\t\t\t\t<\/div>\n\t\t\t\t<\/div>\n\t\t\t\t<\/div>\n\t\t<div class=\"elementor-element elementor-element-a63bf88 e-con-full e-flex e-con e-child\" data-id=\"a63bf88\" data-element_type=\"container\" data-e-type=\"container\">\n\t\t\t\t<div class=\"elementor-element elementor-element-3c78292 elementor-widget elementor-widget-text-editor\" data-id=\"3c78292\" data-element_type=\"widget\" data-e-type=\"widget\" data-widget_type=\"text-editor.default\">\n\t\t\t\t<div class=\"elementor-widget-container\">\n\t\t\t\t\t\t\t\t\t<p>Ce portail vous donne un acc\u00e8s instantan\u00e9 \u00e0 tout le contenu et aux ressources dont vous avez besoin pour promouvoir votre entreprise en tant que fier membre de TBM Commercial.<\/p><p>\u00a0<\/p><p><a href=\"https:\/\/tbmcommercial.ca\/fr\/bienvenue-membre\/publications-sociales\/\"><strong>Publications sur les r\u00e9seaux sociaux<\/strong><\/a><\/p><p>Chaque mois, vous aurez acc\u00e8s, via le portail, \u00e0 quatre publications professionnelles pour les r\u00e9seaux sociaux, incluant les descriptions et mettant en avant votre logo de marchand. Ces publications sont con\u00e7ues pour promouvoir la marque TBM Commercial et positionner les marchands comme des experts locaux b\u00e9n\u00e9ficiant d&#8217;une port\u00e9e nationale. Pour des publications personnalis\u00e9es ou un accompagnement sur la strat\u00e9gie et les programmes de r\u00e9seaux sociaux, veuillez utiliser le formulaire de contact sur la <a href=\"https:\/\/tbmcommercial.ca\/fr\/bienvenue-membre\/support\/\">page d&#8217;assistance<\/a>.<\/p><p>\u00a0<\/p><p><a href=\"https:\/\/tbmcommercial.ca\/fr\/bienvenue-membre\/ressources-marketing\/\"><strong>Ressources marketing<\/strong><\/a><\/p><p>Acc\u00e9dez ici \u00e0 toutes les ressources de la marque TBM Commercial, y compris les logos \u00e0 t\u00e9l\u00e9charger, les supports promotionnels et le guide de marque. Ces outils sont \u00e0 votre disposition pour promouvoir votre magasin en tant que fier membre de TBM Commercial. Pour toute demande de logos ou d&#8217;\u00e9l\u00e9ments graphiques personnalis\u00e9s, veuillez utiliser le formulaire de contact sur la <a href=\"https:\/\/tbmcommercial.ca\/fr\/bienvenue-membre\/support\/\">page d&#8217;assistance<\/a>.<\/p><p>\u00a0<\/p><p><strong><a href=\"https:\/\/tbmcommercial.ca\/fr\/bienvenue-membre\/services-marketing\/\">Services marketing<\/a><\/strong><\/p><p>TBM Commercial s&#8217;est associ\u00e9 \u00e0 Sims Advertising afin d&#8217;offrir \u00e0 nos marchands un accompagnement marketing sp\u00e9cialis\u00e9. L&#8217;\u00e9quipe de Sims propose un soutien d&#8217;experts, qui comprend l&#8217;image de marque, la strat\u00e9gie, le d\u00e9veloppement des sites Web et le marketing num\u00e9rique. Parcouvrez cette page pour d\u00e9couvrir l&#8217;ensemble des services mis \u00e0 votre disposition.<\/p><p>\u00a0<\/p><p><strong><a href=\"https:\/\/tbmcommercial.ca\/fr\/bienvenue-membre\/abonnez-vous-pour-des-mises-a-jour\/\">Restez connect\u00e9 avec TBM Commercial<\/a><\/strong><\/p><p>N&#8217;oubliez pas de consulter r\u00e9guli\u00e8rement les publications, les ressources et les services offerts. Vous pouvez communiquer avec nous en tout temps gr\u00e2ce au formulaire de contact sur la <a href=\"http:\/\/au formulaire de contact sur la page d'assistance.\" data-wplink-url-error=\"true\">page d&#8217;assistance<\/a>.<\/p><p>\u00a0<\/p><p>Si vous avez des questions en naviguant sur le site, n&#8217;h\u00e9sitez pas \u00e0 contacter notre \u00e9quipe \u00e0 : <a href=\"mailto:tbm@simsadvertising.com\" target=\"_blank\" rel=\"noopener\">tbm@simsadvertising.com<\/a><\/p>\t\t\t\t\t\t\t\t<\/div>\n\t\t\t\t<\/div>\n\t\t\t\t<\/div>\n\t\t\t\t\t<\/div>\n\t\t\t\t<\/div>\n\t\t\t\t<\/div>\n\t\t","protected":false},"excerpt":{"rendered":"<p>Votre centre de ressources marketing Ce portail vous donne un acc\u00e8s instantan\u00e9 \u00e0 tout le contenu et aux ressources dont vous avez besoin pour promouvoir votre entreprise en tant que fier membre de TBM Commercial. \u00a0 Publications sur les r\u00e9seaux sociaux Chaque mois, vous aurez acc\u00e8s, via le portail, \u00e0 quatre publications professionnelles pour les [&hellip;]<\/p>\n","protected":false},"author":14,"featured_media":0,"parent":0,"menu_order":0,"comment_status":"closed","ping_status":"closed","template":"","meta":{"footnotes":""},"class_list":["post-7681","page","type-page","status-publish","hentry"],"yoast_head":"<!-- This site is optimized with the Yoast SEO plugin v27.3 - https:\/\/yoast.com\/product\/yoast-seo-wordpress\/ -->\n<title>Bienvenue membre | TBM Commercial<\/title>\n<meta name=\"robots\" content=\"index, follow, max-snippet:-1, max-image-preview:large, max-video-preview:-1\" \/>\n<link rel=\"canonical\" href=\"https:\/\/tbmcommercial.ca\/fr\/bienvenue-membre\/\" \/>\n<meta property=\"og:locale\" content=\"fr_FR\" \/>\n<meta property=\"og:type\" content=\"article\" \/>\n<meta property=\"og:title\" content=\"Bienvenue membre | TBM Commercial\" \/>\n<meta property=\"og:description\" content=\"Votre centre de ressources marketing Ce portail vous donne un acc\u00e8s instantan\u00e9 \u00e0 tout le contenu et aux ressources dont vous avez besoin pour promouvoir votre entreprise en tant que fier membre de TBM Commercial. \u00a0 Publications sur les r\u00e9seaux sociaux Chaque mois, vous aurez acc\u00e8s, via le portail, \u00e0 quatre publications professionnelles pour les [&hellip;]\" \/>\n<meta property=\"og:url\" content=\"https:\/\/tbmcommercial.ca\/fr\/bienvenue-membre\/\" \/>\n<meta property=\"og:site_name\" content=\"TBM Commercial\" \/>\n<meta property=\"article:modified_time\" content=\"2025-12-08T18:58:39+00:00\" \/>\n<meta property=\"og:image\" content=\"https:\/\/tbmcommercial.ca\/wp-content\/uploads\/2025\/11\/TBM-Commercial-Logo_Colour.png\" \/>\n\t<meta property=\"og:image:width\" content=\"1200\" \/>\n\t<meta property=\"og:image:height\" content=\"534\" \/>\n\t<meta property=\"og:image:type\" content=\"image\/png\" \/>\n<meta name=\"twitter:card\" content=\"summary_large_image\" \/>\n<script type=\"application\/ld+json\" class=\"yoast-schema-graph\">{\"@context\":\"https:\\\/\\\/schema.org\",\"@graph\":[{\"@type\":\"WebPage\",\"@id\":\"https:\\\/\\\/tbmcommercial.ca\\\/fr\\\/bienvenue-membre\\\/\",\"url\":\"https:\\\/\\\/tbmcommercial.ca\\\/fr\\\/bienvenue-membre\\\/\",\"name\":\"Bienvenue membre | TBM Commercial\",\"isPartOf\":{\"@id\":\"https:\\\/\\\/tbmcommercial.ca\\\/fr\\\/#website\"},\"datePublished\":\"2025-11-10T14:53:09+00:00\",\"dateModified\":\"2025-12-08T18:58:39+00:00\",\"breadcrumb\":{\"@id\":\"https:\\\/\\\/tbmcommercial.ca\\\/fr\\\/bienvenue-membre\\\/#breadcrumb\"},\"inLanguage\":\"fr-FR\",\"potentialAction\":[{\"@type\":\"ReadAction\",\"target\":[\"https:\\\/\\\/tbmcommercial.ca\\\/fr\\\/bienvenue-membre\\\/\"]}]},{\"@type\":\"BreadcrumbList\",\"@id\":\"https:\\\/\\\/tbmcommercial.ca\\\/fr\\\/bienvenue-membre\\\/#breadcrumb\",\"itemListElement\":[{\"@type\":\"ListItem\",\"position\":1,\"name\":\"Home\",\"item\":\"https:\\\/\\\/tbmcommercial.ca\\\/fr\\\/\"},{\"@type\":\"ListItem\",\"position\":2,\"name\":\"Bienvenue membre\"}]},{\"@type\":\"WebSite\",\"@id\":\"https:\\\/\\\/tbmcommercial.ca\\\/fr\\\/#website\",\"url\":\"https:\\\/\\\/tbmcommercial.ca\\\/fr\\\/\",\"name\":\"TBM Commercial\",\"description\":\"Independently Powered. Collectively Strong. || Canadian Commercial Construction Supply\",\"publisher\":{\"@id\":\"https:\\\/\\\/tbmcommercial.ca\\\/fr\\\/#organization\"},\"potentialAction\":[{\"@type\":\"SearchAction\",\"target\":{\"@type\":\"EntryPoint\",\"urlTemplate\":\"https:\\\/\\\/tbmcommercial.ca\\\/fr\\\/?s={search_term_string}\"},\"query-input\":{\"@type\":\"PropertyValueSpecification\",\"valueRequired\":true,\"valueName\":\"search_term_string\"}}],\"inLanguage\":\"fr-FR\"},{\"@type\":\"Organization\",\"@id\":\"https:\\\/\\\/tbmcommercial.ca\\\/fr\\\/#organization\",\"name\":\"TBM Commercial\",\"url\":\"https:\\\/\\\/tbmcommercial.ca\\\/fr\\\/\",\"logo\":{\"@type\":\"ImageObject\",\"inLanguage\":\"fr-FR\",\"@id\":\"https:\\\/\\\/tbmcommercial.ca\\\/fr\\\/#\\\/schema\\\/logo\\\/image\\\/\",\"url\":\"https:\\\/\\\/tbmcommercial.ca\\\/wp-content\\\/uploads\\\/2024\\\/05\\\/TMB_Commercial_PrimaryColourLogo-1-e1753820760649.png\",\"contentUrl\":\"https:\\\/\\\/tbmcommercial.ca\\\/wp-content\\\/uploads\\\/2024\\\/05\\\/TMB_Commercial_PrimaryColourLogo-1-e1753820760649.png\",\"width\":376,\"height\":181,\"caption\":\"TBM Commercial\"},\"image\":{\"@id\":\"https:\\\/\\\/tbmcommercial.ca\\\/fr\\\/#\\\/schema\\\/logo\\\/image\\\/\"}}]}<\/script>\n<!-- \/ Yoast SEO plugin. -->","yoast_head_json":{"title":"Bienvenue membre | TBM Commercial","robots":{"index":"index","follow":"follow","max-snippet":"max-snippet:-1","max-image-preview":"max-image-preview:large","max-video-preview":"max-video-preview:-1"},"canonical":"https:\/\/tbmcommercial.ca\/fr\/bienvenue-membre\/","og_locale":"fr_FR","og_type":"article","og_title":"Bienvenue membre | TBM Commercial","og_description":"Votre centre de ressources marketing Ce portail vous donne un acc\u00e8s instantan\u00e9 \u00e0 tout le contenu et aux ressources dont vous avez besoin pour promouvoir votre entreprise en tant que fier membre de TBM Commercial. \u00a0 Publications sur les r\u00e9seaux sociaux Chaque mois, vous aurez acc\u00e8s, via le portail, \u00e0 quatre publications professionnelles pour les [&hellip;]","og_url":"https:\/\/tbmcommercial.ca\/fr\/bienvenue-membre\/","og_site_name":"TBM Commercial","article_modified_time":"2025-12-08T18:58:39+00:00","og_image":[{"width":1200,"height":534,"url":"https:\/\/tbmcommercial.ca\/wp-content\/uploads\/2025\/11\/TBM-Commercial-Logo_Colour.png","type":"image\/png"}],"twitter_card":"summary_large_image","schema":{"@context":"https:\/\/schema.org","@graph":[{"@type":"WebPage","@id":"https:\/\/tbmcommercial.ca\/fr\/bienvenue-membre\/","url":"https:\/\/tbmcommercial.ca\/fr\/bienvenue-membre\/","name":"Bienvenue membre | TBM Commercial","isPartOf":{"@id":"https:\/\/tbmcommercial.ca\/fr\/#website"},"datePublished":"2025-11-10T14:53:09+00:00","dateModified":"2025-12-08T18:58:39+00:00","breadcrumb":{"@id":"https:\/\/tbmcommercial.ca\/fr\/bienvenue-membre\/#breadcrumb"},"inLanguage":"fr-FR","potentialAction":[{"@type":"ReadAction","target":["https:\/\/tbmcommercial.ca\/fr\/bienvenue-membre\/"]}]},{"@type":"BreadcrumbList","@id":"https:\/\/tbmcommercial.ca\/fr\/bienvenue-membre\/#breadcrumb","itemListElement":[{"@type":"ListItem","position":1,"name":"Home","item":"https:\/\/tbmcommercial.ca\/fr\/"},{"@type":"ListItem","position":2,"name":"Bienvenue membre"}]},{"@type":"WebSite","@id":"https:\/\/tbmcommercial.ca\/fr\/#website","url":"https:\/\/tbmcommercial.ca\/fr\/","name":"TBM Commercial","description":"Independently Powered. Collectively Strong. || Canadian Commercial Construction Supply","publisher":{"@id":"https:\/\/tbmcommercial.ca\/fr\/#organization"},"potentialAction":[{"@type":"SearchAction","target":{"@type":"EntryPoint","urlTemplate":"https:\/\/tbmcommercial.ca\/fr\/?s={search_term_string}"},"query-input":{"@type":"PropertyValueSpecification","valueRequired":true,"valueName":"search_term_string"}}],"inLanguage":"fr-FR"},{"@type":"Organization","@id":"https:\/\/tbmcommercial.ca\/fr\/#organization","name":"TBM Commercial","url":"https:\/\/tbmcommercial.ca\/fr\/","logo":{"@type":"ImageObject","inLanguage":"fr-FR","@id":"https:\/\/tbmcommercial.ca\/fr\/#\/schema\/logo\/image\/","url":"https:\/\/tbmcommercial.ca\/wp-content\/uploads\/2024\/05\/TMB_Commercial_PrimaryColourLogo-1-e1753820760649.png","contentUrl":"https:\/\/tbmcommercial.ca\/wp-content\/uploads\/2024\/05\/TMB_Commercial_PrimaryColourLogo-1-e1753820760649.png","width":376,"height":181,"caption":"TBM Commercial"},"image":{"@id":"https:\/\/tbmcommercial.ca\/fr\/#\/schema\/logo\/image\/"}}]}},"_links":{"self":[{"href":"https:\/\/tbmcommercial.ca\/fr\/wp-json\/wp\/v2\/pages\/7681","targetHints":{"allow":["GET"]}}],"collection":[{"href":"https:\/\/tbmcommercial.ca\/fr\/wp-json\/wp\/v2\/pages"}],"about":[{"href":"https:\/\/tbmcommercial.ca\/fr\/wp-json\/wp\/v2\/types\/page"}],"author":[{"embeddable":true,"href":"https:\/\/tbmcommercial.ca\/fr\/wp-json\/wp\/v2\/users\/14"}],"replies":[{"embeddable":true,"href":"https:\/\/tbmcommercial.ca\/fr\/wp-json\/wp\/v2\/comments?post=7681"}],"version-history":[{"count":0,"href":"https:\/\/tbmcommercial.ca\/fr\/wp-json\/wp\/v2\/pages\/7681\/revisions"}],"wp:attachment":[{"href":"https:\/\/tbmcommercial.ca\/fr\/wp-json\/wp\/v2\/media?parent=7681"}],"curies":[{"name":"wp","href":"https:\/\/api.w.org\/{rel}","templated":true}]}}