{"id":7695,"date":"2025-11-10T14:08:57","date_gmt":"2025-11-10T19:08:57","guid":{"rendered":"https:\/\/tbmcommercial.ca\/bienvenue-membre\/services-marketing\/"},"modified":"2025-12-09T08:31:21","modified_gmt":"2025-12-09T13:31:21","slug":"services-marketing","status":"publish","type":"page","link":"https:\/\/tbmcommercial.ca\/fr\/bienvenue-membre\/services-marketing\/","title":{"rendered":"Services marketing"},"content":{"rendered":"\t\t<div data-elementor-type=\"wp-post\" data-elementor-id=\"7695\" class=\"elementor elementor-7695 elementor-5791\" data-elementor-post-type=\"page\">\n\t\t\t\t<div class=\"elementor-element elementor-element-8ac80b2 e-flex e-con-boxed e-con e-parent\" data-id=\"8ac80b2\" data-element_type=\"container\" data-e-type=\"container\" data-settings=\"{&quot;background_background&quot;:&quot;classic&quot;}\">\n\t\t\t\t\t<div class=\"e-con-inner\">\n\t\t<div class=\"elementor-element elementor-element-5b854c6 e-con-full e-flex e-con e-child\" data-id=\"5b854c6\" data-element_type=\"container\" data-e-type=\"container\">\n\t\t\t\t<div class=\"elementor-element elementor-element-3e683dd elementor-widget elementor-widget-text-editor\" data-id=\"3e683dd\" data-element_type=\"widget\" data-e-type=\"widget\" data-widget_type=\"text-editor.default\">\n\t\t\t\t<div class=\"elementor-widget-container\">\n\t\t\t\t\t\t\t\t\t<p>Services marketing suppl\u00e9mentaires<\/p>\t\t\t\t\t\t\t\t<\/div>\n\t\t\t\t<\/div>\n\t\t\t\t<\/div>\n\t\t\t\t<div class=\"elementor-element elementor-element-722ae22 elementor-widget__width-initial elementor-widget-divider--view-line elementor-widget elementor-widget-divider\" data-id=\"722ae22\" data-element_type=\"widget\" data-e-type=\"widget\" data-settings=\"{&quot;motion_fx_motion_fx_scrolling&quot;:&quot;yes&quot;,&quot;motion_fx_scale_effect&quot;:&quot;yes&quot;,&quot;motion_fx_scale_speed&quot;:{&quot;unit&quot;:&quot;px&quot;,&quot;size&quot;:10,&quot;sizes&quot;:[]},&quot;motion_fx_scale_range&quot;:{&quot;unit&quot;:&quot;%&quot;,&quot;size&quot;:&quot;&quot;,&quot;sizes&quot;:{&quot;start&quot;:0,&quot;end&quot;:100}},&quot;motion_fx_scale_direction&quot;:&quot;out-in&quot;,&quot;motion_fx_devices&quot;:[&quot;widescreen&quot;,&quot;desktop&quot;,&quot;tablet&quot;,&quot;mobile&quot;]}\" data-widget_type=\"divider.default\">\n\t\t\t\t<div class=\"elementor-widget-container\">\n\t\t\t\t\t\t\t<div class=\"elementor-divider\">\n\t\t\t<span class=\"elementor-divider-separator\">\n\t\t\t\t\t\t<\/span>\n\t\t<\/div>\n\t\t\t\t\t\t<\/div>\n\t\t\t\t<\/div>\n\t\t<div class=\"elementor-element elementor-element-9092a31 e-con-full e-flex e-con e-child\" data-id=\"9092a31\" data-element_type=\"container\" data-e-type=\"container\">\n\t\t\t\t<div class=\"elementor-element elementor-element-52dc690 elementor-widget elementor-widget-text-editor\" data-id=\"52dc690\" data-element_type=\"widget\" data-e-type=\"widget\" data-widget_type=\"text-editor.default\">\n\t\t\t\t<div class=\"elementor-widget-container\">\n\t\t\t\t\t\t\t\t\t<p>Personnalisez votre message en collaborant avec la marque TBM Commercial.<\/p><p>En tant que marchand TBM Commercial et sp\u00e9cialiste en syst\u00e8me int\u00e9rieur TIMBER MART, vous pouvez collaborer avec Sims Advertising sur diverses initiatives marketing, allant de l&#8217;affichage en magasin aux programmes num\u00e9riques, et bien plus encore. <\/p><p>Partenaire de confiance de TIMBER MART depuis 1992, Sims Advertising est sp\u00e9cialis\u00e9 dans l&#8217;ex\u00e9cution de services marketing et publicitaires pour les entreprises du secteur de l&#8217;am\u00e9lioration de la maison. <\/p><p>Contactez Sims Advertising d\u00e8s aujourd&#8217;hui : <a href=\"mailto:tbm@simsadvertising.com\" target=\"_blank\" rel=\"noopener\">tbm@simsadvertising.com<\/a><\/p>\t\t\t\t\t\t\t\t<\/div>\n\t\t\t\t<\/div>\n\t\t\t\t<\/div>\n\t\t\t\t\t<\/div>\n\t\t\t\t<\/div>\n\t\t<div class=\"elementor-element elementor-element-413faa3 e-grid e-con-boxed e-con e-parent\" data-id=\"413faa3\" data-element_type=\"container\" data-e-type=\"container\">\n\t\t\t\t\t<div class=\"e-con-inner\">\n\t\t<div class=\"elementor-element elementor-element-0cc8465 e-con-full e-flex e-con e-child\" data-id=\"0cc8465\" data-element_type=\"container\" data-e-type=\"container\" data-settings=\"{&quot;background_background&quot;:&quot;classic&quot;}\">\n\t\t<div class=\"elementor-element elementor-element-2669820 e-con-full e-flex e-con e-child\" data-id=\"2669820\" data-element_type=\"container\" data-e-type=\"container\">\n\t\t<div class=\"elementor-element elementor-element-16b59d7 e-con-full e-flex e-con e-child\" data-id=\"16b59d7\" data-element_type=\"container\" data-e-type=\"container\">\n\t\t\t\t<div class=\"elementor-element elementor-element-6dfb70a elementor-view-default elementor-widget elementor-widget-icon\" data-id=\"6dfb70a\" data-element_type=\"widget\" data-e-type=\"widget\" data-widget_type=\"icon.default\">\n\t\t\t\t<div class=\"elementor-widget-container\">\n\t\t\t\t\t\t\t<div class=\"elementor-icon-wrapper\">\n\t\t\t<div class=\"elementor-icon\">\n\t\t\t<i aria-hidden=\"true\" class=\"icon icon-page-list\"><\/i>\t\t\t<\/div>\n\t\t<\/div>\n\t\t\t\t\t\t<\/div>\n\t\t\t\t<\/div>\n\t\t\t\t<\/div>\n\t\t<div class=\"elementor-element elementor-element-9c859cd e-con-full e-flex e-con e-child\" data-id=\"9c859cd\" data-element_type=\"container\" data-e-type=\"container\">\n\t\t\t\t<div class=\"elementor-element elementor-element-5c8688e elementor-widget elementor-widget-heading\" data-id=\"5c8688e\" data-element_type=\"widget\" data-e-type=\"widget\" data-widget_type=\"heading.default\">\n\t\t\t\t<div class=\"elementor-widget-container\">\n\t\t\t\t\t<h3 class=\"elementor-heading-title elementor-size-default\">Imprim\u00e9<\/h3>\t\t\t\t<\/div>\n\t\t\t\t<\/div>\n\t\t\t\t<div class=\"elementor-element elementor-element-311d5d6 elementor-widget-divider--view-line elementor-widget elementor-widget-divider\" data-id=\"311d5d6\" data-element_type=\"widget\" data-e-type=\"widget\" data-widget_type=\"divider.default\">\n\t\t\t\t<div class=\"elementor-widget-container\">\n\t\t\t\t\t\t\t<div class=\"elementor-divider\">\n\t\t\t<span class=\"elementor-divider-separator\">\n\t\t\t\t\t\t<\/span>\n\t\t<\/div>\n\t\t\t\t\t\t<\/div>\n\t\t\t\t<\/div>\n\t\t<div class=\"elementor-element elementor-element-fec847f e-grid e-con-full e-con e-child\" data-id=\"fec847f\" data-element_type=\"container\" data-e-type=\"container\">\n\t\t\t\t<div class=\"elementor-element elementor-element-afe0a1a elementor-widget elementor-widget-text-editor\" data-id=\"afe0a1a\" data-element_type=\"widget\" data-e-type=\"widget\" data-widget_type=\"text-editor.default\">\n\t\t\t\t<div class=\"elementor-widget-container\">\n\t\t\t\t\t\t\t\t\t<ul><li>Brochures<\/li><li>Circulaires<\/li><li>\u00c9v\u00e9nements<\/li><li>Papeterie<\/li><\/ul>\t\t\t\t\t\t\t\t<\/div>\n\t\t\t\t<\/div>\n\t\t\t\t<div class=\"elementor-element elementor-element-41fb131 elementor-widget elementor-widget-text-editor\" data-id=\"41fb131\" data-element_type=\"widget\" data-e-type=\"widget\" data-widget_type=\"text-editor.default\">\n\t\t\t\t<div class=\"elementor-widget-container\">\n\t\t\t\t\t\t\t\t\t<ul><li>Cartes postales<\/li><li>Publipostage<\/li><li>Fiche de produit<\/li><li>Affiches personnalis\u00e9es<\/li><\/ul>\t\t\t\t\t\t\t\t<\/div>\n\t\t\t\t<\/div>\n\t\t\t\t<\/div>\n\t\t\t\t<\/div>\n\t\t\t\t<\/div>\n\t\t\t\t<\/div>\n\t\t<div class=\"elementor-element elementor-element-6dbdc24 e-con-full e-flex e-con e-child\" data-id=\"6dbdc24\" data-element_type=\"container\" data-e-type=\"container\" data-settings=\"{&quot;background_background&quot;:&quot;classic&quot;}\">\n\t\t<div class=\"elementor-element elementor-element-002ed3b e-con-full e-flex e-con e-child\" data-id=\"002ed3b\" data-element_type=\"container\" data-e-type=\"container\">\n\t\t<div class=\"elementor-element elementor-element-918789f e-con-full e-flex e-con e-child\" data-id=\"918789f\" data-element_type=\"container\" data-e-type=\"container\">\n\t\t\t\t<div class=\"elementor-element elementor-element-f58d102 elementor-view-default elementor-widget elementor-widget-icon\" data-id=\"f58d102\" data-element_type=\"widget\" data-e-type=\"widget\" data-widget_type=\"icon.default\">\n\t\t\t\t<div class=\"elementor-widget-container\">\n\t\t\t\t\t\t\t<div class=\"elementor-icon-wrapper\">\n\t\t\t<div class=\"elementor-icon\">\n\t\t\t<i aria-hidden=\"true\" class=\"icon icon-Computer\"><\/i>\t\t\t<\/div>\n\t\t<\/div>\n\t\t\t\t\t\t<\/div>\n\t\t\t\t<\/div>\n\t\t\t\t<\/div>\n\t\t<div class=\"elementor-element elementor-element-5d5070b e-con-full e-flex e-con e-child\" data-id=\"5d5070b\" data-element_type=\"container\" data-e-type=\"container\">\n\t\t\t\t<div class=\"elementor-element elementor-element-4aa3e1a elementor-widget elementor-widget-heading\" data-id=\"4aa3e1a\" data-element_type=\"widget\" data-e-type=\"widget\" data-widget_type=\"heading.default\">\n\t\t\t\t<div class=\"elementor-widget-container\">\n\t\t\t\t\t<h3 class=\"elementor-heading-title elementor-size-default\">Num\u00e9rique<\/h3>\t\t\t\t<\/div>\n\t\t\t\t<\/div>\n\t\t\t\t<div class=\"elementor-element elementor-element-cfd2b0b elementor-widget-divider--view-line elementor-widget elementor-widget-divider\" data-id=\"cfd2b0b\" data-element_type=\"widget\" data-e-type=\"widget\" data-widget_type=\"divider.default\">\n\t\t\t\t<div class=\"elementor-widget-container\">\n\t\t\t\t\t\t\t<div class=\"elementor-divider\">\n\t\t\t<span class=\"elementor-divider-separator\">\n\t\t\t\t\t\t<\/span>\n\t\t<\/div>\n\t\t\t\t\t\t<\/div>\n\t\t\t\t<\/div>\n\t\t<div class=\"elementor-element elementor-element-5da8822 e-grid e-con-full e-con e-child\" data-id=\"5da8822\" data-element_type=\"container\" data-e-type=\"container\">\n\t\t\t\t<div class=\"elementor-element elementor-element-8d94362 elementor-widget elementor-widget-text-editor\" data-id=\"8d94362\" data-element_type=\"widget\" data-e-type=\"widget\" data-widget_type=\"text-editor.default\">\n\t\t\t\t<div class=\"elementor-widget-container\">\n\t\t\t\t\t\t\t\t\t<ul><li>R\u00e9seaux sociaux<\/li><li>Sites Web<\/li><li>Blogues<\/li><\/ul>\t\t\t\t\t\t\t\t<\/div>\n\t\t\t\t<\/div>\n\t\t\t\t<div class=\"elementor-element elementor-element-7f1d6a8 elementor-widget elementor-widget-text-editor\" data-id=\"7f1d6a8\" data-element_type=\"widget\" data-e-type=\"widget\" data-widget_type=\"text-editor.default\">\n\t\t\t\t<div class=\"elementor-widget-container\">\n\t\t\t\t\t\t\t\t\t<ul><li>Courriels<\/li><li>Publicit\u00e9s num\u00e9riques<\/li><li>Vid\u00e9os<\/li><\/ul>\t\t\t\t\t\t\t\t<\/div>\n\t\t\t\t<\/div>\n\t\t\t\t<\/div>\n\t\t\t\t<\/div>\n\t\t\t\t<\/div>\n\t\t\t\t<\/div>\n\t\t<div class=\"elementor-element elementor-element-fd07f46 e-con-full e-flex e-con e-child\" data-id=\"fd07f46\" data-element_type=\"container\" data-e-type=\"container\" data-settings=\"{&quot;background_background&quot;:&quot;classic&quot;}\">\n\t\t<div class=\"elementor-element elementor-element-e7a1a96 e-con-full e-flex e-con e-child\" data-id=\"e7a1a96\" data-element_type=\"container\" data-e-type=\"container\">\n\t\t<div class=\"elementor-element elementor-element-5eb23c8 e-con-full e-flex e-con e-child\" data-id=\"5eb23c8\" data-element_type=\"container\" data-e-type=\"container\">\n\t\t\t\t<div class=\"elementor-element elementor-element-7ce5f8b elementor-view-default elementor-widget elementor-widget-icon\" data-id=\"7ce5f8b\" data-element_type=\"widget\" data-e-type=\"widget\" data-widget_type=\"icon.default\">\n\t\t\t\t<div class=\"elementor-widget-container\">\n\t\t\t\t\t\t\t<div class=\"elementor-icon-wrapper\">\n\t\t\t<div class=\"elementor-icon\">\n\t\t\t<i aria-hidden=\"true\" class=\"icon icon-truck-2\"><\/i>\t\t\t<\/div>\n\t\t<\/div>\n\t\t\t\t\t\t<\/div>\n\t\t\t\t<\/div>\n\t\t\t\t<\/div>\n\t\t<div class=\"elementor-element elementor-element-5edb5c0 e-con-full e-flex e-con e-child\" data-id=\"5edb5c0\" data-element_type=\"container\" data-e-type=\"container\">\n\t\t\t\t<div class=\"elementor-element elementor-element-6a9b7f3 elementor-widget elementor-widget-heading\" data-id=\"6a9b7f3\" data-element_type=\"widget\" data-e-type=\"widget\" data-widget_type=\"heading.default\">\n\t\t\t\t<div class=\"elementor-widget-container\">\n\t\t\t\t\t<h3 class=\"elementor-heading-title elementor-size-default\">Promotion de la marque<\/h3>\t\t\t\t<\/div>\n\t\t\t\t<\/div>\n\t\t\t\t<div class=\"elementor-element elementor-element-b486ff8 elementor-widget-divider--view-line elementor-widget elementor-widget-divider\" data-id=\"b486ff8\" data-element_type=\"widget\" data-e-type=\"widget\" data-widget_type=\"divider.default\">\n\t\t\t\t<div class=\"elementor-widget-container\">\n\t\t\t\t\t\t\t<div class=\"elementor-divider\">\n\t\t\t<span class=\"elementor-divider-separator\">\n\t\t\t\t\t\t<\/span>\n\t\t<\/div>\n\t\t\t\t\t\t<\/div>\n\t\t\t\t<\/div>\n\t\t<div class=\"elementor-element elementor-element-ffff12d e-grid e-con-full e-con e-child\" data-id=\"ffff12d\" data-element_type=\"container\" data-e-type=\"container\">\n\t\t\t\t<div class=\"elementor-element elementor-element-a565fb9 elementor-widget elementor-widget-text-editor\" data-id=\"a565fb9\" data-element_type=\"widget\" data-e-type=\"widget\" data-widget_type=\"text-editor.default\">\n\t\t\t\t<div class=\"elementor-widget-container\">\n\t\t\t\t\t\t\t\t\t<ul><li>Supports pour \u00e9v\u00e9nements<\/li><li>Produis promotionnels<\/li><li>Autocollants et habillages pour camion<\/li><li>Panneaux d&#8217;affichage<\/li><\/ul>\t\t\t\t\t\t\t\t<\/div>\n\t\t\t\t<\/div>\n\t\t\t\t<\/div>\n\t\t\t\t<\/div>\n\t\t\t\t<\/div>\n\t\t\t\t<\/div>\n\t\t<div class=\"elementor-element elementor-element-1c5f89d e-con-full e-flex e-con e-child\" data-id=\"1c5f89d\" data-element_type=\"container\" data-e-type=\"container\" data-settings=\"{&quot;background_background&quot;:&quot;classic&quot;}\">\n\t\t<div class=\"elementor-element elementor-element-f2abcbd e-con-full e-flex e-con e-child\" data-id=\"f2abcbd\" data-element_type=\"container\" data-e-type=\"container\">\n\t\t<div class=\"elementor-element elementor-element-5bb7b36 e-con-full e-flex e-con e-child\" data-id=\"5bb7b36\" data-element_type=\"container\" data-e-type=\"container\">\n\t\t\t\t<div class=\"elementor-element elementor-element-ec4fe88 elementor-view-default elementor-widget elementor-widget-icon\" data-id=\"ec4fe88\" data-element_type=\"widget\" data-e-type=\"widget\" data-widget_type=\"icon.default\">\n\t\t\t\t<div class=\"elementor-widget-container\">\n\t\t\t\t\t\t\t<div class=\"elementor-icon-wrapper\">\n\t\t\t<div class=\"elementor-icon\">\n\t\t\t<i aria-hidden=\"true\" class=\"icon icon-store\"><\/i>\t\t\t<\/div>\n\t\t<\/div>\n\t\t\t\t\t\t<\/div>\n\t\t\t\t<\/div>\n\t\t\t\t<\/div>\n\t\t<div class=\"elementor-element elementor-element-8f0af67 e-con-full e-flex e-con e-child\" data-id=\"8f0af67\" data-element_type=\"container\" data-e-type=\"container\">\n\t\t\t\t<div class=\"elementor-element elementor-element-85281dc elementor-widget elementor-widget-heading\" data-id=\"85281dc\" data-element_type=\"widget\" data-e-type=\"widget\" data-widget_type=\"heading.default\">\n\t\t\t\t<div class=\"elementor-widget-container\">\n\t\t\t\t\t<h3 class=\"elementor-heading-title elementor-size-default\">Affichage en magasin<\/h3>\t\t\t\t<\/div>\n\t\t\t\t<\/div>\n\t\t\t\t<div class=\"elementor-element elementor-element-cb2d2d2 elementor-widget-divider--view-line elementor-widget elementor-widget-divider\" data-id=\"cb2d2d2\" data-element_type=\"widget\" data-e-type=\"widget\" data-widget_type=\"divider.default\">\n\t\t\t\t<div class=\"elementor-widget-container\">\n\t\t\t\t\t\t\t<div class=\"elementor-divider\">\n\t\t\t<span class=\"elementor-divider-separator\">\n\t\t\t\t\t\t<\/span>\n\t\t<\/div>\n\t\t\t\t\t\t<\/div>\n\t\t\t\t<\/div>\n\t\t<div class=\"elementor-element elementor-element-403aca9 e-grid e-con-full e-con e-child\" data-id=\"403aca9\" data-element_type=\"container\" data-e-type=\"container\">\n\t\t\t\t<div class=\"elementor-element elementor-element-5ae4f3e elementor-widget elementor-widget-text-editor\" data-id=\"5ae4f3e\" data-element_type=\"widget\" data-e-type=\"widget\" data-widget_type=\"text-editor.default\">\n\t\t\t\t<div class=\"elementor-widget-container\">\n\t\t\t\t\t\t\t\t\t<ul><li>Affichage ext\u00e9rieure <\/li><li>Affichage en magasin<\/li><li>Autocollants pour fen\u00eatres<\/li><\/ul>\t\t\t\t\t\t\t\t<\/div>\n\t\t\t\t<\/div>\n\t\t\t\t<\/div>\n\t\t\t\t<\/div>\n\t\t\t\t<\/div>\n\t\t\t\t<\/div>\n\t\t\t\t\t<\/div>\n\t\t\t\t<\/div>\n\t\t\t\t<\/div>\n\t\t","protected":false},"excerpt":{"rendered":"<p>Services marketing suppl\u00e9mentaires Personnalisez votre message en collaborant avec la marque TBM Commercial. En tant que marchand TBM Commercial et sp\u00e9cialiste en syst\u00e8me int\u00e9rieur TIMBER MART, vous pouvez collaborer avec Sims Advertising sur diverses initiatives marketing, allant de l&#8217;affichage en magasin aux programmes num\u00e9riques, et bien plus encore. Partenaire de confiance de TIMBER MART depuis [&hellip;]<\/p>\n","protected":false},"author":14,"featured_media":0,"parent":7681,"menu_order":0,"comment_status":"closed","ping_status":"closed","template":"","meta":{"footnotes":""},"class_list":["post-7695","page","type-page","status-publish","hentry"],"yoast_head":"<!-- This site is optimized with the Yoast SEO plugin v27.3 - https:\/\/yoast.com\/product\/yoast-seo-wordpress\/ -->\n<title>Services marketing | TBM Commercial<\/title>\n<meta name=\"robots\" content=\"index, follow, max-snippet:-1, max-image-preview:large, max-video-preview:-1\" \/>\n<link rel=\"canonical\" href=\"https:\/\/tbmcommercial.ca\/fr\/bienvenue-membre\/services-marketing\/\" \/>\n<meta property=\"og:locale\" content=\"fr_FR\" \/>\n<meta property=\"og:type\" content=\"article\" \/>\n<meta property=\"og:title\" content=\"Services marketing | TBM Commercial\" \/>\n<meta property=\"og:description\" content=\"Services marketing suppl\u00e9mentaires Personnalisez votre message en collaborant avec la marque TBM Commercial. En tant que marchand TBM Commercial et sp\u00e9cialiste en syst\u00e8me int\u00e9rieur TIMBER MART, vous pouvez collaborer avec Sims Advertising sur diverses initiatives marketing, allant de l&#8217;affichage en magasin aux programmes num\u00e9riques, et bien plus encore. Partenaire de confiance de TIMBER MART depuis [&hellip;]\" \/>\n<meta property=\"og:url\" content=\"https:\/\/tbmcommercial.ca\/fr\/bienvenue-membre\/services-marketing\/\" \/>\n<meta property=\"og:site_name\" content=\"TBM Commercial\" \/>\n<meta property=\"article:modified_time\" content=\"2025-12-09T13:31:21+00:00\" \/>\n<meta property=\"og:image\" content=\"https:\/\/tbmcommercial.ca\/wp-content\/uploads\/2025\/11\/TBM-Commercial-Logo_Colour.png\" \/>\n\t<meta property=\"og:image:width\" content=\"1200\" \/>\n\t<meta property=\"og:image:height\" content=\"534\" \/>\n\t<meta property=\"og:image:type\" content=\"image\/png\" \/>\n<meta name=\"twitter:card\" content=\"summary_large_image\" \/>\n<script type=\"application\/ld+json\" class=\"yoast-schema-graph\">{\"@context\":\"https:\\\/\\\/schema.org\",\"@graph\":[{\"@type\":\"WebPage\",\"@id\":\"https:\\\/\\\/tbmcommercial.ca\\\/fr\\\/bienvenue-membre\\\/services-marketing\\\/\",\"url\":\"https:\\\/\\\/tbmcommercial.ca\\\/fr\\\/bienvenue-membre\\\/services-marketing\\\/\",\"name\":\"Services marketing | TBM Commercial\",\"isPartOf\":{\"@id\":\"https:\\\/\\\/tbmcommercial.ca\\\/fr\\\/#website\"},\"datePublished\":\"2025-11-10T19:08:57+00:00\",\"dateModified\":\"2025-12-09T13:31:21+00:00\",\"breadcrumb\":{\"@id\":\"https:\\\/\\\/tbmcommercial.ca\\\/fr\\\/bienvenue-membre\\\/services-marketing\\\/#breadcrumb\"},\"inLanguage\":\"fr-FR\",\"potentialAction\":[{\"@type\":\"ReadAction\",\"target\":[\"https:\\\/\\\/tbmcommercial.ca\\\/fr\\\/bienvenue-membre\\\/services-marketing\\\/\"]}]},{\"@type\":\"BreadcrumbList\",\"@id\":\"https:\\\/\\\/tbmcommercial.ca\\\/fr\\\/bienvenue-membre\\\/services-marketing\\\/#breadcrumb\",\"itemListElement\":[{\"@type\":\"ListItem\",\"position\":1,\"name\":\"Home\",\"item\":\"https:\\\/\\\/tbmcommercial.ca\\\/fr\\\/\"},{\"@type\":\"ListItem\",\"position\":2,\"name\":\"Bienvenue membre\",\"item\":\"https:\\\/\\\/tbmcommercial.ca\\\/fr\\\/bienvenue-membre\\\/\"},{\"@type\":\"ListItem\",\"position\":3,\"name\":\"Services marketing\"}]},{\"@type\":\"WebSite\",\"@id\":\"https:\\\/\\\/tbmcommercial.ca\\\/fr\\\/#website\",\"url\":\"https:\\\/\\\/tbmcommercial.ca\\\/fr\\\/\",\"name\":\"TBM Commercial\",\"description\":\"Independently Powered. Collectively Strong. || Canadian Commercial Construction Supply\",\"publisher\":{\"@id\":\"https:\\\/\\\/tbmcommercial.ca\\\/fr\\\/#organization\"},\"potentialAction\":[{\"@type\":\"SearchAction\",\"target\":{\"@type\":\"EntryPoint\",\"urlTemplate\":\"https:\\\/\\\/tbmcommercial.ca\\\/fr\\\/?s={search_term_string}\"},\"query-input\":{\"@type\":\"PropertyValueSpecification\",\"valueRequired\":true,\"valueName\":\"search_term_string\"}}],\"inLanguage\":\"fr-FR\"},{\"@type\":\"Organization\",\"@id\":\"https:\\\/\\\/tbmcommercial.ca\\\/fr\\\/#organization\",\"name\":\"TBM Commercial\",\"url\":\"https:\\\/\\\/tbmcommercial.ca\\\/fr\\\/\",\"logo\":{\"@type\":\"ImageObject\",\"inLanguage\":\"fr-FR\",\"@id\":\"https:\\\/\\\/tbmcommercial.ca\\\/fr\\\/#\\\/schema\\\/logo\\\/image\\\/\",\"url\":\"https:\\\/\\\/tbmcommercial.ca\\\/wp-content\\\/uploads\\\/2024\\\/05\\\/TMB_Commercial_PrimaryColourLogo-1-e1753820760649.png\",\"contentUrl\":\"https:\\\/\\\/tbmcommercial.ca\\\/wp-content\\\/uploads\\\/2024\\\/05\\\/TMB_Commercial_PrimaryColourLogo-1-e1753820760649.png\",\"width\":376,\"height\":181,\"caption\":\"TBM Commercial\"},\"image\":{\"@id\":\"https:\\\/\\\/tbmcommercial.ca\\\/fr\\\/#\\\/schema\\\/logo\\\/image\\\/\"}}]}<\/script>\n<!-- \/ Yoast SEO plugin. -->","yoast_head_json":{"title":"Services marketing | TBM Commercial","robots":{"index":"index","follow":"follow","max-snippet":"max-snippet:-1","max-image-preview":"max-image-preview:large","max-video-preview":"max-video-preview:-1"},"canonical":"https:\/\/tbmcommercial.ca\/fr\/bienvenue-membre\/services-marketing\/","og_locale":"fr_FR","og_type":"article","og_title":"Services marketing | TBM Commercial","og_description":"Services marketing suppl\u00e9mentaires Personnalisez votre message en collaborant avec la marque TBM Commercial. En tant que marchand TBM Commercial et sp\u00e9cialiste en syst\u00e8me int\u00e9rieur TIMBER MART, vous pouvez collaborer avec Sims Advertising sur diverses initiatives marketing, allant de l&#8217;affichage en magasin aux programmes num\u00e9riques, et bien plus encore. Partenaire de confiance de TIMBER MART depuis [&hellip;]","og_url":"https:\/\/tbmcommercial.ca\/fr\/bienvenue-membre\/services-marketing\/","og_site_name":"TBM Commercial","article_modified_time":"2025-12-09T13:31:21+00:00","og_image":[{"width":1200,"height":534,"url":"https:\/\/tbmcommercial.ca\/wp-content\/uploads\/2025\/11\/TBM-Commercial-Logo_Colour.png","type":"image\/png"}],"twitter_card":"summary_large_image","schema":{"@context":"https:\/\/schema.org","@graph":[{"@type":"WebPage","@id":"https:\/\/tbmcommercial.ca\/fr\/bienvenue-membre\/services-marketing\/","url":"https:\/\/tbmcommercial.ca\/fr\/bienvenue-membre\/services-marketing\/","name":"Services marketing | TBM Commercial","isPartOf":{"@id":"https:\/\/tbmcommercial.ca\/fr\/#website"},"datePublished":"2025-11-10T19:08:57+00:00","dateModified":"2025-12-09T13:31:21+00:00","breadcrumb":{"@id":"https:\/\/tbmcommercial.ca\/fr\/bienvenue-membre\/services-marketing\/#breadcrumb"},"inLanguage":"fr-FR","potentialAction":[{"@type":"ReadAction","target":["https:\/\/tbmcommercial.ca\/fr\/bienvenue-membre\/services-marketing\/"]}]},{"@type":"BreadcrumbList","@id":"https:\/\/tbmcommercial.ca\/fr\/bienvenue-membre\/services-marketing\/#breadcrumb","itemListElement":[{"@type":"ListItem","position":1,"name":"Home","item":"https:\/\/tbmcommercial.ca\/fr\/"},{"@type":"ListItem","position":2,"name":"Bienvenue membre","item":"https:\/\/tbmcommercial.ca\/fr\/bienvenue-membre\/"},{"@type":"ListItem","position":3,"name":"Services marketing"}]},{"@type":"WebSite","@id":"https:\/\/tbmcommercial.ca\/fr\/#website","url":"https:\/\/tbmcommercial.ca\/fr\/","name":"TBM Commercial","description":"Independently Powered. Collectively Strong. || Canadian Commercial Construction Supply","publisher":{"@id":"https:\/\/tbmcommercial.ca\/fr\/#organization"},"potentialAction":[{"@type":"SearchAction","target":{"@type":"EntryPoint","urlTemplate":"https:\/\/tbmcommercial.ca\/fr\/?s={search_term_string}"},"query-input":{"@type":"PropertyValueSpecification","valueRequired":true,"valueName":"search_term_string"}}],"inLanguage":"fr-FR"},{"@type":"Organization","@id":"https:\/\/tbmcommercial.ca\/fr\/#organization","name":"TBM Commercial","url":"https:\/\/tbmcommercial.ca\/fr\/","logo":{"@type":"ImageObject","inLanguage":"fr-FR","@id":"https:\/\/tbmcommercial.ca\/fr\/#\/schema\/logo\/image\/","url":"https:\/\/tbmcommercial.ca\/wp-content\/uploads\/2024\/05\/TMB_Commercial_PrimaryColourLogo-1-e1753820760649.png","contentUrl":"https:\/\/tbmcommercial.ca\/wp-content\/uploads\/2024\/05\/TMB_Commercial_PrimaryColourLogo-1-e1753820760649.png","width":376,"height":181,"caption":"TBM Commercial"},"image":{"@id":"https:\/\/tbmcommercial.ca\/fr\/#\/schema\/logo\/image\/"}}]}},"_links":{"self":[{"href":"https:\/\/tbmcommercial.ca\/fr\/wp-json\/wp\/v2\/pages\/7695","targetHints":{"allow":["GET"]}}],"collection":[{"href":"https:\/\/tbmcommercial.ca\/fr\/wp-json\/wp\/v2\/pages"}],"about":[{"href":"https:\/\/tbmcommercial.ca\/fr\/wp-json\/wp\/v2\/types\/page"}],"author":[{"embeddable":true,"href":"https:\/\/tbmcommercial.ca\/fr\/wp-json\/wp\/v2\/users\/14"}],"replies":[{"embeddable":true,"href":"https:\/\/tbmcommercial.ca\/fr\/wp-json\/wp\/v2\/comments?post=7695"}],"version-history":[{"count":0,"href":"https:\/\/tbmcommercial.ca\/fr\/wp-json\/wp\/v2\/pages\/7695\/revisions"}],"up":[{"embeddable":true,"href":"https:\/\/tbmcommercial.ca\/fr\/wp-json\/wp\/v2\/pages\/7681"}],"wp:attachment":[{"href":"https:\/\/tbmcommercial.ca\/fr\/wp-json\/wp\/v2\/media?parent=7695"}],"curies":[{"name":"wp","href":"https:\/\/api.w.org\/{rel}","templated":true}]}}