{"id":7714,"date":"2025-11-10T09:53:30","date_gmt":"2025-11-10T14:53:30","guid":{"rendered":"https:\/\/tbmcommercial.ca\/connexion-de-membre\/"},"modified":"2025-12-04T15:06:42","modified_gmt":"2025-12-04T20:06:42","slug":"connexion-de-membre","status":"publish","type":"page","link":"https:\/\/tbmcommercial.ca\/fr\/connexion-de-membre\/","title":{"rendered":"Connexion de membre"},"content":{"rendered":"\t\t<div data-elementor-type=\"wp-page\" data-elementor-id=\"7714\" class=\"elementor elementor-7714 elementor-5697\" data-elementor-post-type=\"page\">\n\t\t\t\t<div class=\"elementor-element elementor-element-47d29465 e-flex e-con-boxed e-con e-parent\" data-id=\"47d29465\" data-element_type=\"container\" data-e-type=\"container\">\n\t\t\t\t\t<div class=\"e-con-inner\">\n\t\t<div class=\"elementor-element elementor-element-53490c3 e-con-full e-flex e-con e-child\" data-id=\"53490c3\" data-element_type=\"container\" data-e-type=\"container\" data-settings=\"{&quot;background_background&quot;:&quot;classic&quot;}\">\n\t\t\t\t<div class=\"elementor-element elementor-element-22a1e84 elementor-widget elementor-widget-heading\" data-id=\"22a1e84\" data-element_type=\"widget\" data-e-type=\"widget\" data-widget_type=\"heading.default\">\n\t\t\t\t<div class=\"elementor-widget-container\">\n\t\t\t\t\t<h2 class=\"elementor-heading-title elementor-size-default\">Connexion de membre<\/h2>\t\t\t\t<\/div>\n\t\t\t\t<\/div>\n\t\t\t\t<div class=\"elementor-element elementor-element-f80a2bd elementor-widget-divider--view-line elementor-widget elementor-widget-divider\" data-id=\"f80a2bd\" data-element_type=\"widget\" data-e-type=\"widget\" data-widget_type=\"divider.default\">\n\t\t\t\t<div class=\"elementor-widget-container\">\n\t\t\t\t\t\t\t<div class=\"elementor-divider\">\n\t\t\t<span class=\"elementor-divider-separator\">\n\t\t\t\t\t\t<\/span>\n\t\t<\/div>\n\t\t\t\t\t\t<\/div>\n\t\t\t\t<\/div>\n\t\t\t\t<div class=\"elementor-element elementor-element-2a0753f8 elementor-widget elementor-widget-shortcode\" data-id=\"2a0753f8\" data-element_type=\"widget\" data-e-type=\"widget\" data-widget_type=\"shortcode.default\">\n\t\t\t\t<div class=\"elementor-widget-container\">\n\t\t\t\t\t\t\t<div class=\"elementor-shortcode\">\n<div class=\"um um-login um-5454\">\n\t<div class=\"um-form\">\n\t\t<form method=\"post\" action=\"\" autocomplete=\"off\">\n\t\t\t<div class=\"um-row _um_row_1 \" style=\"margin: 0 0 30px 0;\"><div class=\"um-col-1\"><div  id=\"um_field_5454_username\" class=\"um-field um-field-text  um-field-username um-field-text um-field-type_text\" data-key=\"username\"><div class=\"um-field-label\"><label for=\"username-5454\">Identifiant ou e-mail<span class=\"um-req\" title=\"Obligatoire\">*<\/span><\/label><div class=\"um-clear\"><\/div><\/div><div class=\"um-field-area\"><input  autocomplete=\"off\" class=\"um-form-field valid \" type=\"text\" name=\"username-5454\" id=\"username-5454\" value=\"\" placeholder=\"\" data-validate=\"unique_username_or_email\" data-key=\"username\"  aria-invalid=\"false\" \/>\n\n\t\t\t\t\t\t<\/div><\/div><div  id=\"um_field_5454_user_password\" class=\"um-field um-field-password  um-field-user_password um-field-password um-field-type_password\" data-key=\"user_password\"><div class=\"um-field-label\"><label for=\"user_password-5454\">Mot de passe<span class=\"um-req\" title=\"Obligatoire\">*<\/span><\/label><div class=\"um-clear\"><\/div><\/div><div class=\"um-field-area\"><div class=\"um-field-area-password\">\n\t\t\t\t\t\t\t\t\t<input class=\"um-form-field valid \" type=\"password\" name=\"user_password-5454\" id=\"user_password-5454\" value=\"\" placeholder=\"\" data-validate=\"\" data-key=\"user_password\"  aria-invalid=\"false\" \/>\n\t\t\t\t\t\t\t\t\t<span class=\"um-toggle-password\"><i class=\"um-icon-eye\"><\/i><\/span>\n\t\t\t\t\t\t\t\t<\/div>\n\t\t\t\t\t\t\t<\/div><\/div><\/div><\/div>\t<input type=\"hidden\" name=\"form_id\" id=\"form_id_5454\" value=\"5454\" \/>\n\t\t<p class=\"um_request_name\">\n\t\t<label for=\"um_request_5454\">Only fill in if you are not human<\/label>\n\t\t<input type=\"hidden\" name=\"um_request\" id=\"um_request_5454\" class=\"input\" value=\"\" size=\"25\" autocomplete=\"off\" \/>\n\t<\/p>\n\t<input type=\"hidden\" id=\"_wpnonce\" name=\"_wpnonce\" value=\"ff9a72e65c\" \/><input type=\"hidden\" name=\"_wp_http_referer\" value=\"\/fr\/wp-json\/wp\/v2\/pages\/7714\" \/>\n\t<div class=\"um-col-alt\">\n\n\t\t\n\n\t\t\t<div class=\"um-field um-field-c\">\n\t\t\t\t<div class=\"um-field-area\">\n\t\t\t\t\t<label class=\"um-field-checkbox\">\n\t\t\t\t\t\t<input type=\"checkbox\" name=\"rememberme\" value=\"1\"  \/>\n\t\t\t\t\t\t<span class=\"um-field-checkbox-state\"><i class=\"um-icon-android-checkbox-outline-blank\"><\/i><\/span>\n\t\t\t\t\t\t<span class=\"um-field-checkbox-option\"> Se souvenir de moi<\/span>\n\t\t\t\t\t<\/label>\n\t\t\t\t<\/div>\n\t\t\t<\/div>\n\n\t\t\t\t\t\t<div class=\"um-clear\"><\/div>\n\t\t\n\t\t\t<div class=\"um-center\">\n\t\t\t\t<input type=\"submit\" value=\"Connexion\" class=\"um-button\" id=\"um-submit-btn\" \/>\n\t\t\t<\/div>\n\n\t\t\n\t\t<div class=\"um-clear\"><\/div>\n\n\t<\/div>\n\n\t\n\t<div class=\"um-col-alt-b\">\n\t\t<a href=\"https:\/\/tbmcommercial.ca\/fr\/reinitialisation-du-mot-de-passe\/\" class=\"um-link-alt\">\n\t\t\tMot de passe oubli\u00e9\u00a0?\t\t<\/a>\n\t<\/div>\n\n\t\t\t<\/form>\n\t<\/div>\n<\/div>\n<style>\n\t\t\t.um-5454.um {\n\t\t\tmax-width: 450px;\n\t\t}\n\t\t<\/style>\n<\/div>\n\t\t\t\t\t\t<\/div>\n\t\t\t\t<\/div>\n\t\t\t\t<div class=\"elementor-element elementor-element-11c975a elementor-widget elementor-widget-text-editor\" data-id=\"11c975a\" data-element_type=\"widget\" data-e-type=\"widget\" data-widget_type=\"text-editor.default\">\n\t\t\t\t<div class=\"elementor-widget-container\">\n\t\t\t\t\t\t\t\t\t<p style=\"text-align: center;\"><span data-sheets-root=\"1\">Si vous rencontrez des difficult\u00e9s pour vous connecter au Portail des membres ou pour r\u00e9initialiser votre mot de passe, veuillez nous envoyer un courriel \u00e0 : <a href=\"mailto:tbm@simsadvertising.com\" target=\"_blank\" rel=\"noopener\">tbm@simsadvertising.com<\/a>.<\/span><\/p>\t\t\t\t\t\t\t\t<\/div>\n\t\t\t\t<\/div>\n\t\t\t\t<\/div>\n\t\t\t\t\t<\/div>\n\t\t\t\t<\/div>\n\t\t\t\t<\/div>\n\t\t","protected":false},"excerpt":{"rendered":"<p>Connexion de membre Si vous rencontrez des difficult\u00e9s pour vous connecter au Portail des membres ou pour r\u00e9initialiser votre mot de passe, veuillez nous envoyer un courriel \u00e0 : tbm@simsadvertising.com.<\/p>\n","protected":false},"author":14,"featured_media":0,"parent":0,"menu_order":0,"comment_status":"closed","ping_status":"closed","template":"","meta":{"footnotes":""},"class_list":["post-7714","page","type-page","status-publish","hentry"],"yoast_head":"<!-- This site is optimized with the Yoast SEO plugin v27.3 - https:\/\/yoast.com\/product\/yoast-seo-wordpress\/ -->\n<title>Connexion de membre | TBM Commercial<\/title>\n<meta name=\"robots\" content=\"index, follow, max-snippet:-1, max-image-preview:large, max-video-preview:-1\" \/>\n<link rel=\"canonical\" href=\"https:\/\/tbmcommercial.ca\/fr\/connexion-de-membre\/\" \/>\n<meta property=\"og:locale\" content=\"fr_FR\" \/>\n<meta property=\"og:type\" content=\"article\" \/>\n<meta property=\"og:title\" content=\"Connexion de membre | TBM Commercial\" \/>\n<meta property=\"og:description\" content=\"Connexion de membre Si vous rencontrez des difficult\u00e9s pour vous connecter au Portail des membres ou pour r\u00e9initialiser votre mot de passe, veuillez nous envoyer un courriel \u00e0 : tbm@simsadvertising.com.\" \/>\n<meta property=\"og:url\" content=\"https:\/\/tbmcommercial.ca\/fr\/connexion-de-membre\/\" \/>\n<meta property=\"og:site_name\" content=\"TBM Commercial\" \/>\n<meta property=\"article:modified_time\" content=\"2025-12-04T20:06:42+00:00\" \/>\n<meta property=\"og:image\" content=\"https:\/\/tbmcommercial.ca\/wp-content\/uploads\/2025\/11\/TBM-Commercial-Logo_Colour.png\" \/>\n\t<meta property=\"og:image:width\" content=\"1200\" \/>\n\t<meta property=\"og:image:height\" content=\"534\" \/>\n\t<meta property=\"og:image:type\" content=\"image\/png\" \/>\n<meta name=\"twitter:card\" content=\"summary_large_image\" \/>\n<script type=\"application\/ld+json\" class=\"yoast-schema-graph\">{\"@context\":\"https:\\\/\\\/schema.org\",\"@graph\":[{\"@type\":\"WebPage\",\"@id\":\"https:\\\/\\\/tbmcommercial.ca\\\/fr\\\/connexion-de-membre\\\/\",\"url\":\"https:\\\/\\\/tbmcommercial.ca\\\/fr\\\/connexion-de-membre\\\/\",\"name\":\"Connexion de membre | TBM Commercial\",\"isPartOf\":{\"@id\":\"https:\\\/\\\/tbmcommercial.ca\\\/fr\\\/#website\"},\"datePublished\":\"2025-11-10T14:53:30+00:00\",\"dateModified\":\"2025-12-04T20:06:42+00:00\",\"breadcrumb\":{\"@id\":\"https:\\\/\\\/tbmcommercial.ca\\\/fr\\\/connexion-de-membre\\\/#breadcrumb\"},\"inLanguage\":\"fr-FR\",\"potentialAction\":[{\"@type\":\"ReadAction\",\"target\":[\"https:\\\/\\\/tbmcommercial.ca\\\/fr\\\/connexion-de-membre\\\/\"]}]},{\"@type\":\"BreadcrumbList\",\"@id\":\"https:\\\/\\\/tbmcommercial.ca\\\/fr\\\/connexion-de-membre\\\/#breadcrumb\",\"itemListElement\":[{\"@type\":\"ListItem\",\"position\":1,\"name\":\"Home\",\"item\":\"https:\\\/\\\/tbmcommercial.ca\\\/fr\\\/\"},{\"@type\":\"ListItem\",\"position\":2,\"name\":\"Connexion de membre\"}]},{\"@type\":\"WebSite\",\"@id\":\"https:\\\/\\\/tbmcommercial.ca\\\/fr\\\/#website\",\"url\":\"https:\\\/\\\/tbmcommercial.ca\\\/fr\\\/\",\"name\":\"TBM Commercial\",\"description\":\"Independently Powered. Collectively Strong. || Canadian Commercial Construction Supply\",\"publisher\":{\"@id\":\"https:\\\/\\\/tbmcommercial.ca\\\/fr\\\/#organization\"},\"potentialAction\":[{\"@type\":\"SearchAction\",\"target\":{\"@type\":\"EntryPoint\",\"urlTemplate\":\"https:\\\/\\\/tbmcommercial.ca\\\/fr\\\/?s={search_term_string}\"},\"query-input\":{\"@type\":\"PropertyValueSpecification\",\"valueRequired\":true,\"valueName\":\"search_term_string\"}}],\"inLanguage\":\"fr-FR\"},{\"@type\":\"Organization\",\"@id\":\"https:\\\/\\\/tbmcommercial.ca\\\/fr\\\/#organization\",\"name\":\"TBM Commercial\",\"url\":\"https:\\\/\\\/tbmcommercial.ca\\\/fr\\\/\",\"logo\":{\"@type\":\"ImageObject\",\"inLanguage\":\"fr-FR\",\"@id\":\"https:\\\/\\\/tbmcommercial.ca\\\/fr\\\/#\\\/schema\\\/logo\\\/image\\\/\",\"url\":\"https:\\\/\\\/tbmcommercial.ca\\\/wp-content\\\/uploads\\\/2024\\\/05\\\/TMB_Commercial_PrimaryColourLogo-1-e1753820760649.png\",\"contentUrl\":\"https:\\\/\\\/tbmcommercial.ca\\\/wp-content\\\/uploads\\\/2024\\\/05\\\/TMB_Commercial_PrimaryColourLogo-1-e1753820760649.png\",\"width\":376,\"height\":181,\"caption\":\"TBM Commercial\"},\"image\":{\"@id\":\"https:\\\/\\\/tbmcommercial.ca\\\/fr\\\/#\\\/schema\\\/logo\\\/image\\\/\"}}]}<\/script>\n<!-- \/ Yoast SEO plugin. -->","yoast_head_json":{"title":"Connexion de membre | TBM Commercial","robots":{"index":"index","follow":"follow","max-snippet":"max-snippet:-1","max-image-preview":"max-image-preview:large","max-video-preview":"max-video-preview:-1"},"canonical":"https:\/\/tbmcommercial.ca\/fr\/connexion-de-membre\/","og_locale":"fr_FR","og_type":"article","og_title":"Connexion de membre | TBM Commercial","og_description":"Connexion de membre Si vous rencontrez des difficult\u00e9s pour vous connecter au Portail des membres ou pour r\u00e9initialiser votre mot de passe, veuillez nous envoyer un courriel \u00e0 : tbm@simsadvertising.com.","og_url":"https:\/\/tbmcommercial.ca\/fr\/connexion-de-membre\/","og_site_name":"TBM Commercial","article_modified_time":"2025-12-04T20:06:42+00:00","og_image":[{"width":1200,"height":534,"url":"https:\/\/tbmcommercial.ca\/wp-content\/uploads\/2025\/11\/TBM-Commercial-Logo_Colour.png","type":"image\/png"}],"twitter_card":"summary_large_image","schema":{"@context":"https:\/\/schema.org","@graph":[{"@type":"WebPage","@id":"https:\/\/tbmcommercial.ca\/fr\/connexion-de-membre\/","url":"https:\/\/tbmcommercial.ca\/fr\/connexion-de-membre\/","name":"Connexion de membre | TBM Commercial","isPartOf":{"@id":"https:\/\/tbmcommercial.ca\/fr\/#website"},"datePublished":"2025-11-10T14:53:30+00:00","dateModified":"2025-12-04T20:06:42+00:00","breadcrumb":{"@id":"https:\/\/tbmcommercial.ca\/fr\/connexion-de-membre\/#breadcrumb"},"inLanguage":"fr-FR","potentialAction":[{"@type":"ReadAction","target":["https:\/\/tbmcommercial.ca\/fr\/connexion-de-membre\/"]}]},{"@type":"BreadcrumbList","@id":"https:\/\/tbmcommercial.ca\/fr\/connexion-de-membre\/#breadcrumb","itemListElement":[{"@type":"ListItem","position":1,"name":"Home","item":"https:\/\/tbmcommercial.ca\/fr\/"},{"@type":"ListItem","position":2,"name":"Connexion de membre"}]},{"@type":"WebSite","@id":"https:\/\/tbmcommercial.ca\/fr\/#website","url":"https:\/\/tbmcommercial.ca\/fr\/","name":"TBM Commercial","description":"Independently Powered. Collectively Strong. || Canadian Commercial Construction Supply","publisher":{"@id":"https:\/\/tbmcommercial.ca\/fr\/#organization"},"potentialAction":[{"@type":"SearchAction","target":{"@type":"EntryPoint","urlTemplate":"https:\/\/tbmcommercial.ca\/fr\/?s={search_term_string}"},"query-input":{"@type":"PropertyValueSpecification","valueRequired":true,"valueName":"search_term_string"}}],"inLanguage":"fr-FR"},{"@type":"Organization","@id":"https:\/\/tbmcommercial.ca\/fr\/#organization","name":"TBM Commercial","url":"https:\/\/tbmcommercial.ca\/fr\/","logo":{"@type":"ImageObject","inLanguage":"fr-FR","@id":"https:\/\/tbmcommercial.ca\/fr\/#\/schema\/logo\/image\/","url":"https:\/\/tbmcommercial.ca\/wp-content\/uploads\/2024\/05\/TMB_Commercial_PrimaryColourLogo-1-e1753820760649.png","contentUrl":"https:\/\/tbmcommercial.ca\/wp-content\/uploads\/2024\/05\/TMB_Commercial_PrimaryColourLogo-1-e1753820760649.png","width":376,"height":181,"caption":"TBM Commercial"},"image":{"@id":"https:\/\/tbmcommercial.ca\/fr\/#\/schema\/logo\/image\/"}}]}},"_links":{"self":[{"href":"https:\/\/tbmcommercial.ca\/fr\/wp-json\/wp\/v2\/pages\/7714","targetHints":{"allow":["GET"]}}],"collection":[{"href":"https:\/\/tbmcommercial.ca\/fr\/wp-json\/wp\/v2\/pages"}],"about":[{"href":"https:\/\/tbmcommercial.ca\/fr\/wp-json\/wp\/v2\/types\/page"}],"author":[{"embeddable":true,"href":"https:\/\/tbmcommercial.ca\/fr\/wp-json\/wp\/v2\/users\/14"}],"replies":[{"embeddable":true,"href":"https:\/\/tbmcommercial.ca\/fr\/wp-json\/wp\/v2\/comments?post=7714"}],"version-history":[{"count":0,"href":"https:\/\/tbmcommercial.ca\/fr\/wp-json\/wp\/v2\/pages\/7714\/revisions"}],"wp:attachment":[{"href":"https:\/\/tbmcommercial.ca\/fr\/wp-json\/wp\/v2\/media?parent=7714"}],"curies":[{"name":"wp","href":"https:\/\/api.w.org\/{rel}","templated":true}]}}